{"id":99,"date":"2021-03-13T08:01:49","date_gmt":"2021-03-13T08:01:49","guid":{"rendered":"https:\/\/www.erkanbistro.fi\/?page_id=99"},"modified":"2021-04-08T09:32:20","modified_gmt":"2021-04-08T09:32:20","slug":"galleria","status":"publish","type":"page","link":"https:\/\/www.erkanbistro.fi\/en\/galleria\/","title":{"rendered":"Gallery"},"content":{"rendered":"<div data-elementor-type=\"wp-page\" data-elementor-id=\"99\" class=\"elementor elementor-99\" data-elementor-settings=\"[]\">\n\t\t\t\t\t\t\t<div class=\"elementor-section-wrap\">\n\t\t\t\t\t\t\t<section class=\"elementor-section elementor-top-section elementor-element elementor-element-7fba487 elementor-section-height-min-height elementor-section-boxed elementor-section-height-default elementor-section-items-middle\" data-id=\"7fba487\" data-element_type=\"section\" data-settings=\"{&quot;background_background&quot;:&quot;classic&quot;}\">\n\t\t\t\t\t\t\t<div class=\"elementor-background-overlay\"><\/div>\n\t\t\t\t\t\t\t<div class=\"elementor-container elementor-column-gap-default\">\n\t\t\t\t\t<div class=\"elementor-column elementor-col-100 elementor-top-column elementor-element elementor-element-22d7d6b\" data-id=\"22d7d6b\" data-element_type=\"column\">\n\t\t\t<div class=\"elementor-widget-wrap elementor-element-populated\">\n\t\t\t\t\t\t\t\t<div class=\"elementor-element elementor-element-de3faa7 elementor-widget elementor-widget-heading\" data-id=\"de3faa7\" data-element_type=\"widget\" data-widget_type=\"heading.default\">\n\t\t\t\t<div class=\"elementor-widget-container\">\n\t\t\t<h1 class=\"elementor-heading-title elementor-size-default\">- Galleria -<\/h1>\t\t<\/div>\n\t\t\t\t<\/div>\n\t\t\t\t\t<\/div>\n\t\t<\/div>\n\t\t\t\t\t\t\t<\/div>\n\t\t<\/section>\n\t\t\t\t<section class=\"elementor-section elementor-top-section elementor-element elementor-element-0e74a90 elementor-section-full_width elementor-section-height-default elementor-section-height-default\" data-id=\"0e74a90\" data-element_type=\"section\" data-settings=\"{&quot;background_background&quot;:&quot;classic&quot;}\">\n\t\t\t\t\t\t<div class=\"elementor-container elementor-column-gap-default\">\n\t\t\t\t\t<div class=\"elementor-column elementor-col-50 elementor-top-column elementor-element elementor-element-d964b68\" data-id=\"d964b68\" data-element_type=\"column\">\n\t\t\t<div class=\"elementor-widget-wrap elementor-element-populated\">\n\t\t\t\t\t\t\t\t<div class=\"elementor-element elementor-element-a8a9826 elementor-widget elementor-widget-image\" data-id=\"a8a9826\" data-element_type=\"widget\" data-widget_type=\"image.default\">\n\t\t\t\t<div class=\"elementor-widget-container\">\n\t\t\t\t\t\t\t\t\t\t\t\t\t\t\t<img loading=\"lazy\" decoding=\"async\" width=\"1024\" height=\"819\" src=\"https:\/\/www.erkanbistro.fi\/wp-content\/uploads\/2021\/03\/erkan-0367-1024x819.jpg\" class=\"attachment-large size-large\" alt=\"\" srcset=\"https:\/\/www.erkanbistro.fi\/wp-content\/uploads\/2021\/03\/erkan-0367-1024x819.jpg 1024w, https:\/\/www.erkanbistro.fi\/wp-content\/uploads\/2021\/03\/erkan-0367-300x240.jpg 300w, https:\/\/www.erkanbistro.fi\/wp-content\/uploads\/2021\/03\/erkan-0367-768x614.jpg 768w, https:\/\/www.erkanbistro.fi\/wp-content\/uploads\/2021\/03\/erkan-0367-1536x1229.jpg 1536w, https:\/\/www.erkanbistro.fi\/wp-content\/uploads\/2021\/03\/erkan-0367-2048x1639.jpg 2048w\" sizes=\"auto, (max-width: 1024px) 100vw, 1024px\" \/>\t\t\t\t\t\t\t\t\t\t\t\t\t\t\t<\/div>\n\t\t\t\t<\/div>\n\t\t\t\t<div class=\"elementor-element elementor-element-be67892 elementor-widget elementor-widget-image\" data-id=\"be67892\" data-element_type=\"widget\" data-widget_type=\"image.default\">\n\t\t\t\t<div class=\"elementor-widget-container\">\n\t\t\t\t\t\t\t\t\t\t\t\t\t\t\t<img loading=\"lazy\" decoding=\"async\" width=\"1024\" height=\"683\" src=\"https:\/\/www.erkanbistro.fi\/wp-content\/uploads\/2021\/03\/erkan-0306-1024x683.jpg\" class=\"attachment-large size-large\" alt=\"\" srcset=\"https:\/\/www.erkanbistro.fi\/wp-content\/uploads\/2021\/03\/erkan-0306-1024x683.jpg 1024w, https:\/\/www.erkanbistro.fi\/wp-content\/uploads\/2021\/03\/erkan-0306-300x200.jpg 300w, https:\/\/www.erkanbistro.fi\/wp-content\/uploads\/2021\/03\/erkan-0306-768x512.jpg 768w, https:\/\/www.erkanbistro.fi\/wp-content\/uploads\/2021\/03\/erkan-0306-1536x1024.jpg 1536w, https:\/\/www.erkanbistro.fi\/wp-content\/uploads\/2021\/03\/erkan-0306-2048x1365.jpg 2048w\" sizes=\"auto, (max-width: 1024px) 100vw, 1024px\" \/>\t\t\t\t\t\t\t\t\t\t\t\t\t\t\t<\/div>\n\t\t\t\t<\/div>\n\t\t\t\t<div class=\"elementor-element elementor-element-1649b27 elementor-widget elementor-widget-image\" data-id=\"1649b27\" data-element_type=\"widget\" data-widget_type=\"image.default\">\n\t\t\t\t<div class=\"elementor-widget-container\">\n\t\t\t\t\t\t\t\t\t\t\t\t\t\t\t<img loading=\"lazy\" decoding=\"async\" width=\"768\" height=\"1152\" src=\"https:\/\/www.erkanbistro.fi\/wp-content\/uploads\/2021\/03\/erkan-0086-768x1152.jpg\" class=\"attachment-medium_large size-medium_large\" alt=\"\" srcset=\"https:\/\/www.erkanbistro.fi\/wp-content\/uploads\/2021\/03\/erkan-0086-768x1152.jpg 768w, https:\/\/www.erkanbistro.fi\/wp-content\/uploads\/2021\/03\/erkan-0086-200x300.jpg 200w, https:\/\/www.erkanbistro.fi\/wp-content\/uploads\/2021\/03\/erkan-0086-683x1024.jpg 683w, https:\/\/www.erkanbistro.fi\/wp-content\/uploads\/2021\/03\/erkan-0086-1024x1536.jpg 1024w, https:\/\/www.erkanbistro.fi\/wp-content\/uploads\/2021\/03\/erkan-0086-1365x2048.jpg 1365w, https:\/\/www.erkanbistro.fi\/wp-content\/uploads\/2021\/03\/erkan-0086-scaled.jpg 1707w\" sizes=\"auto, (max-width: 768px) 100vw, 768px\" \/>\t\t\t\t\t\t\t\t\t\t\t\t\t\t\t<\/div>\n\t\t\t\t<\/div>\n\t\t\t\t\t<\/div>\n\t\t<\/div>\n\t\t\t\t<div class=\"elementor-column elementor-col-50 elementor-top-column elementor-element elementor-element-4336d89\" data-id=\"4336d89\" data-element_type=\"column\">\n\t\t\t<div class=\"elementor-widget-wrap elementor-element-populated\">\n\t\t\t\t\t\t\t\t<div class=\"elementor-element elementor-element-26e616a elementor-widget elementor-widget-image\" data-id=\"26e616a\" data-element_type=\"widget\" data-widget_type=\"image.default\">\n\t\t\t\t<div class=\"elementor-widget-container\">\n\t\t\t\t\t\t\t\t\t\t\t\t\t\t\t<img loading=\"lazy\" decoding=\"async\" width=\"1024\" height=\"819\" src=\"https:\/\/www.erkanbistro.fi\/wp-content\/uploads\/2021\/03\/erkan-0193-ENCHANTED-1024x819.jpg\" class=\"attachment-large size-large\" alt=\"\" srcset=\"https:\/\/www.erkanbistro.fi\/wp-content\/uploads\/2021\/03\/erkan-0193-ENCHANTED-1024x819.jpg 1024w, https:\/\/www.erkanbistro.fi\/wp-content\/uploads\/2021\/03\/erkan-0193-ENCHANTED-300x240.jpg 300w, https:\/\/www.erkanbistro.fi\/wp-content\/uploads\/2021\/03\/erkan-0193-ENCHANTED-768x614.jpg 768w, https:\/\/www.erkanbistro.fi\/wp-content\/uploads\/2021\/03\/erkan-0193-ENCHANTED-1536x1229.jpg 1536w, https:\/\/www.erkanbistro.fi\/wp-content\/uploads\/2021\/03\/erkan-0193-ENCHANTED-2048x1639.jpg 2048w\" sizes=\"auto, (max-width: 1024px) 100vw, 1024px\" \/>\t\t\t\t\t\t\t\t\t\t\t\t\t\t\t<\/div>\n\t\t\t\t<\/div>\n\t\t\t\t<div class=\"elementor-element elementor-element-af49e4c elementor-widget elementor-widget-image\" data-id=\"af49e4c\" data-element_type=\"widget\" data-widget_type=\"image.default\">\n\t\t\t\t<div class=\"elementor-widget-container\">\n\t\t\t\t\t\t\t\t\t\t\t\t\t\t\t<img loading=\"lazy\" decoding=\"async\" width=\"1024\" height=\"683\" src=\"https:\/\/www.erkanbistro.fi\/wp-content\/uploads\/2021\/03\/erkan-0090-1024x683.jpg\" class=\"attachment-large size-large\" alt=\"\" srcset=\"https:\/\/www.erkanbistro.fi\/wp-content\/uploads\/2021\/03\/erkan-0090-1024x683.jpg 1024w, https:\/\/www.erkanbistro.fi\/wp-content\/uploads\/2021\/03\/erkan-0090-300x200.jpg 300w, https:\/\/www.erkanbistro.fi\/wp-content\/uploads\/2021\/03\/erkan-0090-768x512.jpg 768w, https:\/\/www.erkanbistro.fi\/wp-content\/uploads\/2021\/03\/erkan-0090-1536x1024.jpg 1536w, https:\/\/www.erkanbistro.fi\/wp-content\/uploads\/2021\/03\/erkan-0090-2048x1365.jpg 2048w\" sizes=\"auto, (max-width: 1024px) 100vw, 1024px\" \/>\t\t\t\t\t\t\t\t\t\t\t\t\t\t\t<\/div>\n\t\t\t\t<\/div>\n\t\t\t\t<div class=\"elementor-element elementor-element-a6f1a43 elementor-widget elementor-widget-image\" data-id=\"a6f1a43\" data-element_type=\"widget\" data-widget_type=\"image.default\">\n\t\t\t\t<div class=\"elementor-widget-container\">\n\t\t\t\t\t\t\t\t\t\t\t\t\t\t\t<img decoding=\"async\" src=\"https:\/\/www.erkanbistro.fi\/wp-content\/uploads\/elementor\/thumbs\/erkan-0031-scaled-p446mcy2l3nyejdoeen7f1ohjvtw43u6q0layrzby8.jpg\" title=\"erkan-0031\" alt=\"erkan-0031\" \/>\t\t\t\t\t\t\t\t\t\t\t\t\t\t\t<\/div>\n\t\t\t\t<\/div>\n\t\t\t\t\t<\/div>\n\t\t<\/div>\n\t\t\t\t\t\t\t<\/div>\n\t\t<\/section>\n\t\t\t\t<section class=\"elementor-section elementor-top-section elementor-element elementor-element-a68fbc8 elementor-section-full_width elementor-section-height-default elementor-section-height-default\" data-id=\"a68fbc8\" data-element_type=\"section\" data-settings=\"{&quot;background_background&quot;:&quot;classic&quot;}\">\n\t\t\t\t\t\t<div class=\"elementor-container elementor-column-gap-default\">\n\t\t\t\t\t<div class=\"elementor-column elementor-col-50 elementor-top-column elementor-element elementor-element-300313f\" data-id=\"300313f\" data-element_type=\"column\">\n\t\t\t<div class=\"elementor-widget-wrap elementor-element-populated\">\n\t\t\t\t\t\t\t\t<div class=\"elementor-element elementor-element-299df11 elementor-widget elementor-widget-image\" data-id=\"299df11\" data-element_type=\"widget\" data-widget_type=\"image.default\">\n\t\t\t\t<div class=\"elementor-widget-container\">\n\t\t\t\t\t\t\t\t\t\t\t\t\t\t\t<img loading=\"lazy\" decoding=\"async\" width=\"1024\" height=\"819\" src=\"https:\/\/www.erkanbistro.fi\/wp-content\/uploads\/2021\/03\/erkan-0044-1-1024x819.jpg\" class=\"attachment-large size-large\" alt=\"\" srcset=\"https:\/\/www.erkanbistro.fi\/wp-content\/uploads\/2021\/03\/erkan-0044-1-1024x819.jpg 1024w, https:\/\/www.erkanbistro.fi\/wp-content\/uploads\/2021\/03\/erkan-0044-1-300x240.jpg 300w, https:\/\/www.erkanbistro.fi\/wp-content\/uploads\/2021\/03\/erkan-0044-1-768x614.jpg 768w, https:\/\/www.erkanbistro.fi\/wp-content\/uploads\/2021\/03\/erkan-0044-1-1536x1229.jpg 1536w, https:\/\/www.erkanbistro.fi\/wp-content\/uploads\/2021\/03\/erkan-0044-1-2048x1639.jpg 2048w\" sizes=\"auto, (max-width: 1024px) 100vw, 1024px\" \/>\t\t\t\t\t\t\t\t\t\t\t\t\t\t\t<\/div>\n\t\t\t\t<\/div>\n\t\t\t\t<div class=\"elementor-element elementor-element-5d2f65e elementor-widget elementor-widget-image\" data-id=\"5d2f65e\" data-element_type=\"widget\" data-widget_type=\"image.default\">\n\t\t\t\t<div class=\"elementor-widget-container\">\n\t\t\t\t\t\t\t\t\t\t\t\t\t\t\t<img loading=\"lazy\" decoding=\"async\" width=\"1024\" height=\"819\" src=\"https:\/\/www.erkanbistro.fi\/wp-content\/uploads\/2021\/03\/erkan-0397-ENCHANTED-1024x819.jpg\" class=\"attachment-large size-large\" alt=\"\" srcset=\"https:\/\/www.erkanbistro.fi\/wp-content\/uploads\/2021\/03\/erkan-0397-ENCHANTED-1024x819.jpg 1024w, https:\/\/www.erkanbistro.fi\/wp-content\/uploads\/2021\/03\/erkan-0397-ENCHANTED-300x240.jpg 300w, https:\/\/www.erkanbistro.fi\/wp-content\/uploads\/2021\/03\/erkan-0397-ENCHANTED-768x614.jpg 768w, https:\/\/www.erkanbistro.fi\/wp-content\/uploads\/2021\/03\/erkan-0397-ENCHANTED-1536x1229.jpg 1536w, https:\/\/www.erkanbistro.fi\/wp-content\/uploads\/2021\/03\/erkan-0397-ENCHANTED-2048x1639.jpg 2048w\" sizes=\"auto, (max-width: 1024px) 100vw, 1024px\" \/>\t\t\t\t\t\t\t\t\t\t\t\t\t\t\t<\/div>\n\t\t\t\t<\/div>\n\t\t\t\t\t<\/div>\n\t\t<\/div>\n\t\t\t\t<div class=\"elementor-column elementor-col-50 elementor-top-column elementor-element elementor-element-231cecd\" data-id=\"231cecd\" data-element_type=\"column\">\n\t\t\t<div class=\"elementor-widget-wrap elementor-element-populated\">\n\t\t\t\t\t\t\t\t<div class=\"elementor-element elementor-element-55be9a7 elementor-widget elementor-widget-image\" data-id=\"55be9a7\" data-element_type=\"widget\" data-widget_type=\"image.default\">\n\t\t\t\t<div class=\"elementor-widget-container\">\n\t\t\t\t\t\t\t\t\t\t\t\t\t\t\t<img decoding=\"async\" src=\"https:\/\/www.erkanbistro.fi\/wp-content\/uploads\/elementor\/thumbs\/erkan-0277-scaled-p447mqb4zpv16ov8m3ujzcqm51mq51m35pkzhctrc0.jpg\" title=\"erkan-0277\" alt=\"erkan-0277\" \/>\t\t\t\t\t\t\t\t\t\t\t\t\t\t\t<\/div>\n\t\t\t\t<\/div>\n\t\t\t\t<div class=\"elementor-element elementor-element-f049356 elementor-widget elementor-widget-image\" data-id=\"f049356\" data-element_type=\"widget\" data-widget_type=\"image.default\">\n\t\t\t\t<div class=\"elementor-widget-container\">\n\t\t\t\t\t\t\t\t\t\t\t\t\t\t\t<img loading=\"lazy\" decoding=\"async\" width=\"1024\" height=\"683\" src=\"https:\/\/www.erkanbistro.fi\/wp-content\/uploads\/2021\/03\/erkan-0311-1024x683.jpg\" class=\"attachment-large size-large\" alt=\"\" srcset=\"https:\/\/www.erkanbistro.fi\/wp-content\/uploads\/2021\/03\/erkan-0311-1024x683.jpg 1024w, https:\/\/www.erkanbistro.fi\/wp-content\/uploads\/2021\/03\/erkan-0311-300x200.jpg 300w, https:\/\/www.erkanbistro.fi\/wp-content\/uploads\/2021\/03\/erkan-0311-768x512.jpg 768w, https:\/\/www.erkanbistro.fi\/wp-content\/uploads\/2021\/03\/erkan-0311-1536x1024.jpg 1536w, https:\/\/www.erkanbistro.fi\/wp-content\/uploads\/2021\/03\/erkan-0311-2048x1366.jpg 2048w\" sizes=\"auto, (max-width: 1024px) 100vw, 1024px\" \/>\t\t\t\t\t\t\t\t\t\t\t\t\t\t\t<\/div>\n\t\t\t\t<\/div>\n\t\t\t\t<div class=\"elementor-element elementor-element-cb2dc97 elementor-widget elementor-widget-image\" data-id=\"cb2dc97\" data-element_type=\"widget\" data-widget_type=\"image.default\">\n\t\t\t\t<div class=\"elementor-widget-container\">\n\t\t\t\t\t\t\t\t\t\t\t\t\t\t\t<img decoding=\"async\" src=\"https:\/\/www.erkanbistro.fi\/wp-content\/uploads\/elementor\/thumbs\/erkan-0034-scaled-p446mxmhu4kht5ilompkcabo6g0jghlki0acys9324.jpg\" title=\"erkan-0034\" alt=\"erkan-0034\" \/>\t\t\t\t\t\t\t\t\t\t\t\t\t\t\t<\/div>\n\t\t\t\t<\/div>\n\t\t\t\t\t<\/div>\n\t\t<\/div>\n\t\t\t\t\t\t\t<\/div>\n\t\t<\/section>\n\t\t\t\t\t\t<\/div>\n\t\t\t\t\t<\/div>","protected":false},"excerpt":{"rendered":"<p>&#8211; Galleria &#8211;<\/p>","protected":false},"author":1,"featured_media":0,"parent":0,"menu_order":0,"comment_status":"closed","ping_status":"closed","template":"","meta":{"spay_email":"","footnotes":""},"class_list":["post-99","page","type-page","status-publish","hentry"],"yoast_head":"<!-- This site is optimized with the Yoast SEO plugin v16.7 - https:\/\/yoast.com\/wordpress\/plugins\/seo\/ -->\n<title>Galleria - Erkan Bistro - Tervetuloa herkuttelemaan Erkaniin!<\/title>\n<meta name=\"description\" content=\"Erkan Bistro &amp; Restaurantista l\u00f6yd\u00e4t perinteisten pizzojen ja kebabien lis\u00e4ksi salaatit ja burgerit. Kotkan Keskuskadulla jo vuodesta 1998\" \/>\n<meta name=\"robots\" content=\"index, follow, max-snippet:-1, max-image-preview:large, max-video-preview:-1\" \/>\n<link rel=\"canonical\" href=\"https:\/\/www.erkanbistro.fi\/en\/galleria\/\" \/>\n<meta property=\"og:locale\" content=\"en_US\" \/>\n<meta property=\"og:type\" content=\"article\" \/>\n<meta property=\"og:title\" content=\"Galleria - Erkan Bistro - Tervetuloa herkuttelemaan Erkaniin!\" \/>\n<meta property=\"og:description\" content=\"Erkan Bistro &amp; Restaurantista l\u00f6yd\u00e4t perinteisten pizzojen ja kebabien lis\u00e4ksi salaatit ja burgerit. Kotkan Keskuskadulla jo vuodesta 1998\" \/>\n<meta property=\"og:url\" content=\"https:\/\/www.erkanbistro.fi\/en\/galleria\/\" \/>\n<meta property=\"og:site_name\" content=\"Erkan Bistro\" \/>\n<meta property=\"article:publisher\" content=\"https:\/\/www.facebook.com\/erkanbistro\" \/>\n<meta property=\"article:modified_time\" content=\"2021-04-08T09:32:20+00:00\" \/>\n<meta property=\"og:image\" content=\"https:\/\/www.erkanbistro.fi\/wp-content\/uploads\/2021\/03\/erkan-0367-1024x819.jpg\" \/>\n<meta name=\"twitter:card\" content=\"summary_large_image\" \/>\n<meta name=\"twitter:label1\" content=\"Est. reading time\" \/>\n\t<meta name=\"twitter:data1\" content=\"3 minutes\" \/>\n<script type=\"application\/ld+json\" class=\"yoast-schema-graph\">{\"@context\":\"https:\/\/schema.org\",\"@graph\":[{\"@type\":\"Organization\",\"@id\":\"https:\/\/www.erkanbistro.fi\/#organization\",\"name\":\"Erkan Bistro & Restaurant\",\"url\":\"https:\/\/www.erkanbistro.fi\/\",\"sameAs\":[\"https:\/\/www.facebook.com\/erkanbistro\",\"https:\/\/www.instagram.com\/erkanbistro\/\"],\"logo\":{\"@type\":\"ImageObject\",\"@id\":\"https:\/\/www.erkanbistro.fi\/#logo\",\"inLanguage\":\"en-US\",\"url\":\"https:\/\/www.erkanbistro.fi\/wp-content\/uploads\/2021\/03\/cropped-cropped-ErkanLogo2020_MustaWEB.jpg\",\"contentUrl\":\"https:\/\/www.erkanbistro.fi\/wp-content\/uploads\/2021\/03\/cropped-cropped-ErkanLogo2020_MustaWEB.jpg\",\"width\":512,\"height\":512,\"caption\":\"Erkan Bistro & Restaurant\"},\"image\":{\"@id\":\"https:\/\/www.erkanbistro.fi\/#logo\"}},{\"@type\":\"WebSite\",\"@id\":\"https:\/\/www.erkanbistro.fi\/#website\",\"url\":\"https:\/\/www.erkanbistro.fi\/\",\"name\":\"Erkan Bistro & Restaurant\",\"description\":\"ESTD. 1998\",\"publisher\":{\"@id\":\"https:\/\/www.erkanbistro.fi\/#organization\"},\"potentialAction\":[{\"@type\":\"SearchAction\",\"target\":{\"@type\":\"EntryPoint\",\"urlTemplate\":\"https:\/\/www.erkanbistro.fi\/?s={search_term_string}\"},\"query-input\":\"required name=search_term_string\"}],\"inLanguage\":\"en-US\"},{\"@type\":\"ImageObject\",\"@id\":\"https:\/\/www.erkanbistro.fi\/galleria\/#primaryimage\",\"inLanguage\":\"en-US\",\"url\":\"https:\/\/www.erkanbistro.fi\/wp-content\/uploads\/2021\/03\/erkan-0367-1024x819.jpg\",\"contentUrl\":\"https:\/\/www.erkanbistro.fi\/wp-content\/uploads\/2021\/03\/erkan-0367-1024x819.jpg\"},{\"@type\":\"WebPage\",\"@id\":\"https:\/\/www.erkanbistro.fi\/galleria\/#webpage\",\"url\":\"https:\/\/www.erkanbistro.fi\/galleria\/\",\"name\":\"Galleria - Erkan Bistro - Tervetuloa herkuttelemaan Erkaniin!\",\"isPartOf\":{\"@id\":\"https:\/\/www.erkanbistro.fi\/#website\"},\"primaryImageOfPage\":{\"@id\":\"https:\/\/www.erkanbistro.fi\/galleria\/#primaryimage\"},\"datePublished\":\"2021-03-13T08:01:49+00:00\",\"dateModified\":\"2021-04-08T09:32:20+00:00\",\"description\":\"Erkan Bistro & Restaurantista l\\u00f6yd\\u00e4t perinteisten pizzojen ja kebabien lis\\u00e4ksi salaatit ja burgerit. Kotkan Keskuskadulla jo vuodesta 1998\",\"breadcrumb\":{\"@id\":\"https:\/\/www.erkanbistro.fi\/galleria\/#breadcrumb\"},\"inLanguage\":\"en-US\",\"potentialAction\":[{\"@type\":\"ReadAction\",\"target\":[\"https:\/\/www.erkanbistro.fi\/galleria\/\"]}]},{\"@type\":\"BreadcrumbList\",\"@id\":\"https:\/\/www.erkanbistro.fi\/galleria\/#breadcrumb\",\"itemListElement\":[{\"@type\":\"ListItem\",\"position\":1,\"name\":\"Etusivu\",\"item\":\"https:\/\/www.erkanbistro.fi\/\"},{\"@type\":\"ListItem\",\"position\":2,\"name\":\"Galleria\"}]}]}<\/script>\n<!-- \/ Yoast SEO plugin. -->","yoast_head_json":{"title":"Galleria - Erkan Bistro - Tervetuloa herkuttelemaan Erkaniin!","description":"Erkan Bistro & Restaurantista l\u00f6yd\u00e4t perinteisten pizzojen ja kebabien lis\u00e4ksi salaatit ja burgerit. Kotkan Keskuskadulla jo vuodesta 1998","robots":{"index":"index","follow":"follow","max-snippet":"max-snippet:-1","max-image-preview":"max-image-preview:large","max-video-preview":"max-video-preview:-1"},"canonical":"https:\/\/www.erkanbistro.fi\/en\/galleria\/","og_locale":"en_US","og_type":"article","og_title":"Galleria - Erkan Bistro - Tervetuloa herkuttelemaan Erkaniin!","og_description":"Erkan Bistro & Restaurantista l\u00f6yd\u00e4t perinteisten pizzojen ja kebabien lis\u00e4ksi salaatit ja burgerit. Kotkan Keskuskadulla jo vuodesta 1998","og_url":"https:\/\/www.erkanbistro.fi\/en\/galleria\/","og_site_name":"Erkan Bistro","article_publisher":"https:\/\/www.facebook.com\/erkanbistro","article_modified_time":"2021-04-08T09:32:20+00:00","og_image":[{"url":"https:\/\/www.erkanbistro.fi\/wp-content\/uploads\/2021\/03\/erkan-0367-1024x819.jpg"}],"twitter_card":"summary_large_image","twitter_misc":{"Est. reading time":"3 minutes"},"schema":{"@context":"https:\/\/schema.org","@graph":[{"@type":"Organization","@id":"https:\/\/www.erkanbistro.fi\/#organization","name":"Erkan Bistro & Restaurant","url":"https:\/\/www.erkanbistro.fi\/","sameAs":["https:\/\/www.facebook.com\/erkanbistro","https:\/\/www.instagram.com\/erkanbistro\/"],"logo":{"@type":"ImageObject","@id":"https:\/\/www.erkanbistro.fi\/#logo","inLanguage":"en-US","url":"https:\/\/www.erkanbistro.fi\/wp-content\/uploads\/2021\/03\/cropped-cropped-ErkanLogo2020_MustaWEB.jpg","contentUrl":"https:\/\/www.erkanbistro.fi\/wp-content\/uploads\/2021\/03\/cropped-cropped-ErkanLogo2020_MustaWEB.jpg","width":512,"height":512,"caption":"Erkan Bistro & Restaurant"},"image":{"@id":"https:\/\/www.erkanbistro.fi\/#logo"}},{"@type":"WebSite","@id":"https:\/\/www.erkanbistro.fi\/#website","url":"https:\/\/www.erkanbistro.fi\/","name":"Erkan Bistro & Restaurant","description":"ESTD. 1998","publisher":{"@id":"https:\/\/www.erkanbistro.fi\/#organization"},"potentialAction":[{"@type":"SearchAction","target":{"@type":"EntryPoint","urlTemplate":"https:\/\/www.erkanbistro.fi\/?s={search_term_string}"},"query-input":"required name=search_term_string"}],"inLanguage":"en-US"},{"@type":"ImageObject","@id":"https:\/\/www.erkanbistro.fi\/galleria\/#primaryimage","inLanguage":"en-US","url":"https:\/\/www.erkanbistro.fi\/wp-content\/uploads\/2021\/03\/erkan-0367-1024x819.jpg","contentUrl":"https:\/\/www.erkanbistro.fi\/wp-content\/uploads\/2021\/03\/erkan-0367-1024x819.jpg"},{"@type":"WebPage","@id":"https:\/\/www.erkanbistro.fi\/galleria\/#webpage","url":"https:\/\/www.erkanbistro.fi\/galleria\/","name":"Galleria - Erkan Bistro - Tervetuloa herkuttelemaan Erkaniin!","isPartOf":{"@id":"https:\/\/www.erkanbistro.fi\/#website"},"primaryImageOfPage":{"@id":"https:\/\/www.erkanbistro.fi\/galleria\/#primaryimage"},"datePublished":"2021-03-13T08:01:49+00:00","dateModified":"2021-04-08T09:32:20+00:00","description":"Erkan Bistro & Restaurantista l\u00f6yd\u00e4t perinteisten pizzojen ja kebabien lis\u00e4ksi salaatit ja burgerit. Kotkan Keskuskadulla jo vuodesta 1998","breadcrumb":{"@id":"https:\/\/www.erkanbistro.fi\/galleria\/#breadcrumb"},"inLanguage":"en-US","potentialAction":[{"@type":"ReadAction","target":["https:\/\/www.erkanbistro.fi\/galleria\/"]}]},{"@type":"BreadcrumbList","@id":"https:\/\/www.erkanbistro.fi\/galleria\/#breadcrumb","itemListElement":[{"@type":"ListItem","position":1,"name":"Etusivu","item":"https:\/\/www.erkanbistro.fi\/"},{"@type":"ListItem","position":2,"name":"Galleria"}]}]}},"_links":{"self":[{"href":"https:\/\/www.erkanbistro.fi\/en\/wp-json\/wp\/v2\/pages\/99","targetHints":{"allow":["GET"]}}],"collection":[{"href":"https:\/\/www.erkanbistro.fi\/en\/wp-json\/wp\/v2\/pages"}],"about":[{"href":"https:\/\/www.erkanbistro.fi\/en\/wp-json\/wp\/v2\/types\/page"}],"author":[{"embeddable":true,"href":"https:\/\/www.erkanbistro.fi\/en\/wp-json\/wp\/v2\/users\/1"}],"replies":[{"embeddable":true,"href":"https:\/\/www.erkanbistro.fi\/en\/wp-json\/wp\/v2\/comments?post=99"}],"version-history":[{"count":18,"href":"https:\/\/www.erkanbistro.fi\/en\/wp-json\/wp\/v2\/pages\/99\/revisions"}],"predecessor-version":[{"id":414,"href":"https:\/\/www.erkanbistro.fi\/en\/wp-json\/wp\/v2\/pages\/99\/revisions\/414"}],"wp:attachment":[{"href":"https:\/\/www.erkanbistro.fi\/en\/wp-json\/wp\/v2\/media?parent=99"}],"curies":[{"name":"wp","href":"https:\/\/api.w.org\/{rel}","templated":true}]}}