{"id":303,"date":"2021-03-16T11:47:43","date_gmt":"2021-03-16T11:47:43","guid":{"rendered":"https:\/\/www.erkanbistro.fi\/?page_id=303"},"modified":"2021-04-08T09:36:01","modified_gmt":"2021-04-08T09:36:01","slug":"yhteystiedot","status":"publish","type":"page","link":"https:\/\/www.erkanbistro.fi\/en\/yhteystiedot\/","title":{"rendered":"Contact"},"content":{"rendered":"<div data-elementor-type=\"wp-page\" data-elementor-id=\"303\" class=\"elementor elementor-303\" data-elementor-settings=\"[]\">\n\t\t\t\t\t\t\t<div class=\"elementor-section-wrap\">\n\t\t\t\t\t\t\t<section class=\"elementor-section elementor-top-section elementor-element elementor-element-55124441 elementor-section-height-min-height elementor-section-boxed elementor-section-height-default elementor-section-items-middle\" data-id=\"55124441\" data-element_type=\"section\" data-settings=\"{&quot;background_background&quot;:&quot;classic&quot;}\">\n\t\t\t\t\t\t\t<div class=\"elementor-background-overlay\"><\/div>\n\t\t\t\t\t\t\t<div class=\"elementor-container elementor-column-gap-default\">\n\t\t\t\t\t<div class=\"elementor-column elementor-col-100 elementor-top-column elementor-element elementor-element-500ffe6c\" data-id=\"500ffe6c\" data-element_type=\"column\">\n\t\t\t<div class=\"elementor-widget-wrap elementor-element-populated\">\n\t\t\t\t\t\t\t\t<div class=\"elementor-element elementor-element-26560b6e elementor-widget elementor-widget-heading\" data-id=\"26560b6e\" data-element_type=\"widget\" data-widget_type=\"heading.default\">\n\t\t\t\t<div class=\"elementor-widget-container\">\n\t\t\t<h1 class=\"elementor-heading-title elementor-size-default\">- Contact -<\/h1>\t\t<\/div>\n\t\t\t\t<\/div>\n\t\t\t\t\t<\/div>\n\t\t<\/div>\n\t\t\t\t\t\t\t<\/div>\n\t\t<\/section>\n\t\t\t\t<section class=\"elementor-section elementor-top-section elementor-element elementor-element-bfd9ccf elementor-section-boxed elementor-section-height-default elementor-section-height-default\" data-id=\"bfd9ccf\" data-element_type=\"section\" data-settings=\"{&quot;background_background&quot;:&quot;classic&quot;}\">\n\t\t\t\t\t\t\t<div class=\"elementor-background-overlay\"><\/div>\n\t\t\t\t\t\t\t<div class=\"elementor-container elementor-column-gap-default\">\n\t\t\t\t\t<div class=\"elementor-column elementor-col-100 elementor-top-column elementor-element elementor-element-d822a24\" data-id=\"d822a24\" data-element_type=\"column\">\n\t\t\t<div class=\"elementor-widget-wrap elementor-element-populated\">\n\t\t\t\t\t\t\t\t<section class=\"elementor-section elementor-inner-section elementor-element elementor-element-ba50497 elementor-section-boxed elementor-section-height-default elementor-section-height-default\" data-id=\"ba50497\" data-element_type=\"section\">\n\t\t\t\t\t\t<div class=\"elementor-container elementor-column-gap-default\">\n\t\t\t\t\t<div class=\"elementor-column elementor-col-33 elementor-inner-column elementor-element elementor-element-a20f2db\" data-id=\"a20f2db\" data-element_type=\"column\">\n\t\t\t<div class=\"elementor-widget-wrap elementor-element-populated\">\n\t\t\t\t\t\t\t\t<div class=\"elementor-element elementor-element-fe179b2 elementor-view-default elementor-position-top elementor-vertical-align-top elementor-widget elementor-widget-icon-box\" data-id=\"fe179b2\" data-element_type=\"widget\" data-widget_type=\"icon-box.default\">\n\t\t\t\t<div class=\"elementor-widget-container\">\n\t\t\t\t\t<div class=\"elementor-icon-box-wrapper\">\n\t\t\t\t\t\t<div class=\"elementor-icon-box-icon\">\n\t\t\t\t<a class=\"elementor-icon elementor-animation-\" href=\"https:\/\/www.google.com\/maps?q=erkan+bistro+%26+restaurant&#038;um=1&#038;ie=UTF-8\">\n\t\t\t\t<i aria-hidden=\"true\" class=\"fas fa-map-marker-alt\"><\/i>\t\t\t\t<\/a>\n\t\t\t<\/div>\n\t\t\t\t\t\t<div class=\"elementor-icon-box-content\">\n\t\t\t\t<h3 class=\"elementor-icon-box-title\">\n\t\t\t\t\t<a href=\"https:\/\/www.google.com\/maps?q=erkan+bistro+%26+restaurant&#038;um=1&#038;ie=UTF-8\">Address<\/a>\n\t\t\t\t<\/h3>\n\t\t\t\t\t\t\t\t<p class=\"elementor-icon-box-description\">Keskuskatu 35,\n48100 Kotka<\/p>\n\t\t\t\t\t\t\t<\/div>\n\t\t<\/div>\n\t\t\t\t<\/div>\n\t\t\t\t<\/div>\n\t\t\t\t\t<\/div>\n\t\t<\/div>\n\t\t\t\t<div class=\"elementor-column elementor-col-33 elementor-inner-column elementor-element elementor-element-bd574b4\" data-id=\"bd574b4\" data-element_type=\"column\">\n\t\t\t<div class=\"elementor-widget-wrap elementor-element-populated\">\n\t\t\t\t\t\t\t\t<div class=\"elementor-element elementor-element-fb3b738 elementor-view-default elementor-position-top elementor-vertical-align-top elementor-widget elementor-widget-icon-box\" data-id=\"fb3b738\" data-element_type=\"widget\" data-widget_type=\"icon-box.default\">\n\t\t\t\t<div class=\"elementor-widget-container\">\n\t\t\t\t\t<div class=\"elementor-icon-box-wrapper\">\n\t\t\t\t\t\t<div class=\"elementor-icon-box-icon\">\n\t\t\t\t<span class=\"elementor-icon elementor-animation-\" >\n\t\t\t\t<i aria-hidden=\"true\" class=\"fas fa-phone-alt\"><\/i>\t\t\t\t<\/span>\n\t\t\t<\/div>\n\t\t\t\t\t\t<div class=\"elementor-icon-box-content\">\n\t\t\t\t<h3 class=\"elementor-icon-box-title\">\n\t\t\t\t\t<span >Phone<\/span>\n\t\t\t\t<\/h3>\n\t\t\t\t\t\t\t\t<p class=\"elementor-icon-box-description\">05 215 888<\/p>\n\t\t\t\t\t\t\t<\/div>\n\t\t<\/div>\n\t\t\t\t<\/div>\n\t\t\t\t<\/div>\n\t\t\t\t\t<\/div>\n\t\t<\/div>\n\t\t\t\t<div class=\"elementor-column elementor-col-33 elementor-inner-column elementor-element elementor-element-e924a12\" data-id=\"e924a12\" data-element_type=\"column\">\n\t\t\t<div class=\"elementor-widget-wrap elementor-element-populated\">\n\t\t\t\t\t\t\t\t<div class=\"elementor-element elementor-element-ccbd365 elementor-view-default elementor-position-top elementor-vertical-align-top elementor-widget elementor-widget-icon-box\" data-id=\"ccbd365\" data-element_type=\"widget\" data-widget_type=\"icon-box.default\">\n\t\t\t\t<div class=\"elementor-widget-container\">\n\t\t\t\t\t<div class=\"elementor-icon-box-wrapper\">\n\t\t\t\t\t\t<div class=\"elementor-icon-box-icon\">\n\t\t\t\t<span class=\"elementor-icon elementor-animation-\" >\n\t\t\t\t<i aria-hidden=\"true\" class=\"fas fa-envelope\"><\/i>\t\t\t\t<\/span>\n\t\t\t<\/div>\n\t\t\t\t\t\t<div class=\"elementor-icon-box-content\">\n\t\t\t\t<h3 class=\"elementor-icon-box-title\">\n\t\t\t\t\t<span >Email<\/span>\n\t\t\t\t<\/h3>\n\t\t\t\t\t\t\t\t<p class=\"elementor-icon-box-description\">info@erkanbistro.fi<\/p>\n\t\t\t\t\t\t\t<\/div>\n\t\t<\/div>\n\t\t\t\t<\/div>\n\t\t\t\t<\/div>\n\t\t\t\t\t<\/div>\n\t\t<\/div>\n\t\t\t\t\t\t\t<\/div>\n\t\t<\/section>\n\t\t\t\t<section class=\"elementor-section elementor-inner-section elementor-element elementor-element-4fc39d7 elementor-section-boxed elementor-section-height-default elementor-section-height-default\" data-id=\"4fc39d7\" data-element_type=\"section\">\n\t\t\t\t\t\t<div class=\"elementor-container elementor-column-gap-default\">\n\t\t\t\t\t<div class=\"elementor-column elementor-col-100 elementor-inner-column elementor-element elementor-element-e7f6e16\" data-id=\"e7f6e16\" data-element_type=\"column\">\n\t\t\t<div class=\"elementor-widget-wrap elementor-element-populated\">\n\t\t\t\t\t\t\t\t<div class=\"elementor-element elementor-element-dbc4581 elementor-widget elementor-widget-google_maps\" data-id=\"dbc4581\" data-element_type=\"widget\" data-widget_type=\"google_maps.default\">\n\t\t\t\t<div class=\"elementor-widget-container\">\n\t\t\t\t\t<div class=\"elementor-custom-embed\">\n\t\t\t<iframe frameborder=\"0\" scrolling=\"no\" marginheight=\"0\" marginwidth=\"0\" src=\"https:\/\/maps.google.com\/maps?q=erkan%20bistro&amp;t=m&amp;z=14&amp;output=embed&amp;iwloc=near\" title=\"%3$s\" aria-label=\"%3$s\"><\/iframe>\n\t\t<\/div>\n\t\t\t\t<\/div>\n\t\t\t\t<\/div>\n\t\t\t\t\t<\/div>\n\t\t<\/div>\n\t\t\t\t\t\t\t<\/div>\n\t\t<\/section>\n\t\t\t\t<section class=\"elementor-section elementor-inner-section elementor-element elementor-element-7c47b6c elementor-section-boxed elementor-section-height-default elementor-section-height-default\" data-id=\"7c47b6c\" data-element_type=\"section\">\n\t\t\t\t\t\t<div class=\"elementor-container elementor-column-gap-default\">\n\t\t\t\t\t<div class=\"elementor-column elementor-col-100 elementor-inner-column elementor-element elementor-element-29089b2\" data-id=\"29089b2\" data-element_type=\"column\">\n\t\t\t<div class=\"elementor-widget-wrap elementor-element-populated\">\n\t\t\t\t\t\t\t\t<div class=\"elementor-element elementor-element-3233a81 elementor-widget elementor-widget-heading\" data-id=\"3233a81\" data-element_type=\"widget\" data-widget_type=\"heading.default\">\n\t\t\t\t<div class=\"elementor-widget-container\">\n\t\t\t<h2 class=\"elementor-heading-title elementor-size-default\">Follow us on our socials<\/h2>\t\t<\/div>\n\t\t\t\t<\/div>\n\t\t\t\t\t<\/div>\n\t\t<\/div>\n\t\t\t\t\t\t\t<\/div>\n\t\t<\/section>\n\t\t\t\t<div class=\"elementor-element elementor-element-7617b74 elementor-widget-divider--view-line elementor-widget elementor-widget-divider\" data-id=\"7617b74\" data-element_type=\"widget\" data-widget_type=\"divider.default\">\n\t\t\t\t<div class=\"elementor-widget-container\">\n\t\t\t\t\t<div class=\"elementor-divider\">\n\t\t\t<span class=\"elementor-divider-separator\">\n\t\t\t\t\t\t<\/span>\n\t\t<\/div>\n\t\t\t\t<\/div>\n\t\t\t\t<\/div>\n\t\t\t\t<section class=\"elementor-section elementor-inner-section elementor-element elementor-element-0bbd962 elementor-section-boxed elementor-section-height-default elementor-section-height-default\" data-id=\"0bbd962\" data-element_type=\"section\">\n\t\t\t\t\t\t<div class=\"elementor-container elementor-column-gap-default\">\n\t\t\t\t\t<div class=\"elementor-column elementor-col-100 elementor-inner-column elementor-element elementor-element-d3ad578\" data-id=\"d3ad578\" data-element_type=\"column\">\n\t\t\t<div class=\"elementor-widget-wrap elementor-element-populated\">\n\t\t\t\t\t\t\t\t<div class=\"elementor-element elementor-element-47d9bd3 elementor-align-center elementor-icon-list--layout-traditional elementor-list-item-link-full_width elementor-widget elementor-widget-icon-list\" data-id=\"47d9bd3\" data-element_type=\"widget\" data-widget_type=\"icon-list.default\">\n\t\t\t\t<div class=\"elementor-widget-container\">\n\t\t\t\t\t<ul class=\"elementor-icon-list-items\">\n\t\t\t\t\t\t\t<li class=\"elementor-icon-list-item\">\n\t\t\t\t\t<a href=\"https:\/\/www.facebook.com\/erkanbistro\/\">\t\t\t\t\t\t<span class=\"elementor-icon-list-icon\">\n\t\t\t\t\t\t\t<i aria-hidden=\"true\" class=\"fab fa-facebook-square\"><\/i>\t\t\t\t\t\t<\/span>\n\t\t\t\t\t\t\t\t\t\t<span class=\"elementor-icon-list-text\">Facebook - @erkanbistro<\/span>\n\t\t\t\t\t\t\t\t\t\t\t<\/a>\n\t\t\t\t\t\t\t\t\t<\/li>\n\t\t\t\t\t\t\t\t<li class=\"elementor-icon-list-item\">\n\t\t\t\t\t<a href=\"https:\/\/www.instagram.com\/erkanbistro\/\">\t\t\t\t\t\t<span class=\"elementor-icon-list-icon\">\n\t\t\t\t\t\t\t<i aria-hidden=\"true\" class=\"fab fa-instagram\"><\/i>\t\t\t\t\t\t<\/span>\n\t\t\t\t\t\t\t\t\t\t<span class=\"elementor-icon-list-text\">Instagram - @erkanbistro<\/span>\n\t\t\t\t\t\t\t\t\t\t\t<\/a>\n\t\t\t\t\t\t\t\t\t<\/li>\n\t\t\t\t\t\t<\/ul>\n\t\t\t\t<\/div>\n\t\t\t\t<\/div>\n\t\t\t\t\t<\/div>\n\t\t<\/div>\n\t\t\t\t\t\t\t<\/div>\n\t\t<\/section>\n\t\t\t\t\t<\/div>\n\t\t<\/div>\n\t\t\t\t\t\t\t<\/div>\n\t\t<\/section>\n\t\t\t\t\t\t<\/div>\n\t\t\t\t\t<\/div>","protected":false},"excerpt":{"rendered":"<p>&#8211; Yhteystiedot &#8211; Osoite Keskuskatu 35, 48100 Kotka Puhelin 05 215 888 S\u00e4hk\u00f6posti info@erkanbistro.fi Seuraa meit\u00e4 my\u00f6s somessa: Facebook &#8211; @erkanbistro Instagram &#8211; @erkanbistro<\/p>","protected":false},"author":1,"featured_media":0,"parent":0,"menu_order":0,"comment_status":"closed","ping_status":"closed","template":"","meta":{"spay_email":"","footnotes":""},"class_list":["post-303","page","type-page","status-publish","hentry"],"yoast_head":"<!-- This site is optimized with the Yoast SEO plugin v16.7 - https:\/\/yoast.com\/wordpress\/plugins\/seo\/ -->\n<title>Yhteystiedot - Erkan Bistro - Tervetuloa Erkaniin herkuttelemaan!<\/title>\n<meta name=\"description\" content=\"Erkan Bistro &amp; Restaurantista l\u00f6yd\u00e4t perinteisten pizzojen ja kebabien lis\u00e4ksi salaatit ja burgerit. Kotkan Keskuskadulla jo vuodesta 1998\" \/>\n<meta name=\"robots\" content=\"index, follow, max-snippet:-1, max-image-preview:large, max-video-preview:-1\" \/>\n<link rel=\"canonical\" href=\"https:\/\/www.erkanbistro.fi\/en\/yhteystiedot\/\" \/>\n<meta property=\"og:locale\" content=\"en_US\" \/>\n<meta property=\"og:type\" content=\"article\" \/>\n<meta property=\"og:title\" content=\"Yhteystiedot - Erkan Bistro - Tervetuloa Erkaniin herkuttelemaan!\" \/>\n<meta property=\"og:description\" content=\"Erkan Bistro &amp; Restaurantista l\u00f6yd\u00e4t perinteisten pizzojen ja kebabien lis\u00e4ksi salaatit ja burgerit. Kotkan Keskuskadulla jo vuodesta 1998\" \/>\n<meta property=\"og:url\" content=\"https:\/\/www.erkanbistro.fi\/en\/yhteystiedot\/\" \/>\n<meta property=\"og:site_name\" content=\"Erkan Bistro\" \/>\n<meta property=\"article:publisher\" content=\"https:\/\/www.facebook.com\/erkanbistro\" \/>\n<meta property=\"article:modified_time\" content=\"2021-04-08T09:36:01+00:00\" \/>\n<meta name=\"twitter:card\" content=\"summary_large_image\" \/>\n<meta name=\"twitter:label1\" content=\"Est. reading time\" \/>\n\t<meta name=\"twitter:data1\" content=\"1 minute\" \/>\n<script type=\"application\/ld+json\" class=\"yoast-schema-graph\">{\"@context\":\"https:\/\/schema.org\",\"@graph\":[{\"@type\":\"Organization\",\"@id\":\"https:\/\/www.erkanbistro.fi\/#organization\",\"name\":\"Erkan Bistro & Restaurant\",\"url\":\"https:\/\/www.erkanbistro.fi\/\",\"sameAs\":[\"https:\/\/www.facebook.com\/erkanbistro\",\"https:\/\/www.instagram.com\/erkanbistro\/\"],\"logo\":{\"@type\":\"ImageObject\",\"@id\":\"https:\/\/www.erkanbistro.fi\/#logo\",\"inLanguage\":\"en-US\",\"url\":\"https:\/\/www.erkanbistro.fi\/wp-content\/uploads\/2021\/03\/cropped-cropped-ErkanLogo2020_MustaWEB.jpg\",\"contentUrl\":\"https:\/\/www.erkanbistro.fi\/wp-content\/uploads\/2021\/03\/cropped-cropped-ErkanLogo2020_MustaWEB.jpg\",\"width\":512,\"height\":512,\"caption\":\"Erkan Bistro & Restaurant\"},\"image\":{\"@id\":\"https:\/\/www.erkanbistro.fi\/#logo\"}},{\"@type\":\"WebSite\",\"@id\":\"https:\/\/www.erkanbistro.fi\/#website\",\"url\":\"https:\/\/www.erkanbistro.fi\/\",\"name\":\"Erkan Bistro & Restaurant\",\"description\":\"ESTD. 1998\",\"publisher\":{\"@id\":\"https:\/\/www.erkanbistro.fi\/#organization\"},\"potentialAction\":[{\"@type\":\"SearchAction\",\"target\":{\"@type\":\"EntryPoint\",\"urlTemplate\":\"https:\/\/www.erkanbistro.fi\/?s={search_term_string}\"},\"query-input\":\"required name=search_term_string\"}],\"inLanguage\":\"en-US\"},{\"@type\":\"WebPage\",\"@id\":\"https:\/\/www.erkanbistro.fi\/yhteystiedot\/#webpage\",\"url\":\"https:\/\/www.erkanbistro.fi\/yhteystiedot\/\",\"name\":\"Yhteystiedot - Erkan Bistro - Tervetuloa Erkaniin herkuttelemaan!\",\"isPartOf\":{\"@id\":\"https:\/\/www.erkanbistro.fi\/#website\"},\"datePublished\":\"2021-03-16T11:47:43+00:00\",\"dateModified\":\"2021-04-08T09:36:01+00:00\",\"description\":\"Erkan Bistro & Restaurantista l\\u00f6yd\\u00e4t perinteisten pizzojen ja kebabien lis\\u00e4ksi salaatit ja burgerit. Kotkan Keskuskadulla jo vuodesta 1998\",\"breadcrumb\":{\"@id\":\"https:\/\/www.erkanbistro.fi\/yhteystiedot\/#breadcrumb\"},\"inLanguage\":\"en-US\",\"potentialAction\":[{\"@type\":\"ReadAction\",\"target\":[\"https:\/\/www.erkanbistro.fi\/yhteystiedot\/\"]}]},{\"@type\":\"BreadcrumbList\",\"@id\":\"https:\/\/www.erkanbistro.fi\/yhteystiedot\/#breadcrumb\",\"itemListElement\":[{\"@type\":\"ListItem\",\"position\":1,\"name\":\"Etusivu\",\"item\":\"https:\/\/www.erkanbistro.fi\/\"},{\"@type\":\"ListItem\",\"position\":2,\"name\":\"Yhteystiedot\"}]}]}<\/script>\n<!-- \/ Yoast SEO plugin. -->","yoast_head_json":{"title":"Yhteystiedot - Erkan Bistro - Tervetuloa Erkaniin herkuttelemaan!","description":"Erkan Bistro & Restaurantista l\u00f6yd\u00e4t perinteisten pizzojen ja kebabien lis\u00e4ksi salaatit ja burgerit. Kotkan Keskuskadulla jo vuodesta 1998","robots":{"index":"index","follow":"follow","max-snippet":"max-snippet:-1","max-image-preview":"max-image-preview:large","max-video-preview":"max-video-preview:-1"},"canonical":"https:\/\/www.erkanbistro.fi\/en\/yhteystiedot\/","og_locale":"en_US","og_type":"article","og_title":"Yhteystiedot - Erkan Bistro - Tervetuloa Erkaniin herkuttelemaan!","og_description":"Erkan Bistro & Restaurantista l\u00f6yd\u00e4t perinteisten pizzojen ja kebabien lis\u00e4ksi salaatit ja burgerit. Kotkan Keskuskadulla jo vuodesta 1998","og_url":"https:\/\/www.erkanbistro.fi\/en\/yhteystiedot\/","og_site_name":"Erkan Bistro","article_publisher":"https:\/\/www.facebook.com\/erkanbistro","article_modified_time":"2021-04-08T09:36:01+00:00","twitter_card":"summary_large_image","twitter_misc":{"Est. reading time":"1 minute"},"schema":{"@context":"https:\/\/schema.org","@graph":[{"@type":"Organization","@id":"https:\/\/www.erkanbistro.fi\/#organization","name":"Erkan Bistro & Restaurant","url":"https:\/\/www.erkanbistro.fi\/","sameAs":["https:\/\/www.facebook.com\/erkanbistro","https:\/\/www.instagram.com\/erkanbistro\/"],"logo":{"@type":"ImageObject","@id":"https:\/\/www.erkanbistro.fi\/#logo","inLanguage":"en-US","url":"https:\/\/www.erkanbistro.fi\/wp-content\/uploads\/2021\/03\/cropped-cropped-ErkanLogo2020_MustaWEB.jpg","contentUrl":"https:\/\/www.erkanbistro.fi\/wp-content\/uploads\/2021\/03\/cropped-cropped-ErkanLogo2020_MustaWEB.jpg","width":512,"height":512,"caption":"Erkan Bistro & Restaurant"},"image":{"@id":"https:\/\/www.erkanbistro.fi\/#logo"}},{"@type":"WebSite","@id":"https:\/\/www.erkanbistro.fi\/#website","url":"https:\/\/www.erkanbistro.fi\/","name":"Erkan Bistro & Restaurant","description":"ESTD. 1998","publisher":{"@id":"https:\/\/www.erkanbistro.fi\/#organization"},"potentialAction":[{"@type":"SearchAction","target":{"@type":"EntryPoint","urlTemplate":"https:\/\/www.erkanbistro.fi\/?s={search_term_string}"},"query-input":"required name=search_term_string"}],"inLanguage":"en-US"},{"@type":"WebPage","@id":"https:\/\/www.erkanbistro.fi\/yhteystiedot\/#webpage","url":"https:\/\/www.erkanbistro.fi\/yhteystiedot\/","name":"Yhteystiedot - Erkan Bistro - Tervetuloa Erkaniin herkuttelemaan!","isPartOf":{"@id":"https:\/\/www.erkanbistro.fi\/#website"},"datePublished":"2021-03-16T11:47:43+00:00","dateModified":"2021-04-08T09:36:01+00:00","description":"Erkan Bistro & Restaurantista l\u00f6yd\u00e4t perinteisten pizzojen ja kebabien lis\u00e4ksi salaatit ja burgerit. Kotkan Keskuskadulla jo vuodesta 1998","breadcrumb":{"@id":"https:\/\/www.erkanbistro.fi\/yhteystiedot\/#breadcrumb"},"inLanguage":"en-US","potentialAction":[{"@type":"ReadAction","target":["https:\/\/www.erkanbistro.fi\/yhteystiedot\/"]}]},{"@type":"BreadcrumbList","@id":"https:\/\/www.erkanbistro.fi\/yhteystiedot\/#breadcrumb","itemListElement":[{"@type":"ListItem","position":1,"name":"Etusivu","item":"https:\/\/www.erkanbistro.fi\/"},{"@type":"ListItem","position":2,"name":"Yhteystiedot"}]}]}},"_links":{"self":[{"href":"https:\/\/www.erkanbistro.fi\/en\/wp-json\/wp\/v2\/pages\/303","targetHints":{"allow":["GET"]}}],"collection":[{"href":"https:\/\/www.erkanbistro.fi\/en\/wp-json\/wp\/v2\/pages"}],"about":[{"href":"https:\/\/www.erkanbistro.fi\/en\/wp-json\/wp\/v2\/types\/page"}],"author":[{"embeddable":true,"href":"https:\/\/www.erkanbistro.fi\/en\/wp-json\/wp\/v2\/users\/1"}],"replies":[{"embeddable":true,"href":"https:\/\/www.erkanbistro.fi\/en\/wp-json\/wp\/v2\/comments?post=303"}],"version-history":[{"count":12,"href":"https:\/\/www.erkanbistro.fi\/en\/wp-json\/wp\/v2\/pages\/303\/revisions"}],"predecessor-version":[{"id":417,"href":"https:\/\/www.erkanbistro.fi\/en\/wp-json\/wp\/v2\/pages\/303\/revisions\/417"}],"wp:attachment":[{"href":"https:\/\/www.erkanbistro.fi\/en\/wp-json\/wp\/v2\/media?parent=303"}],"curies":[{"name":"wp","href":"https:\/\/api.w.org\/{rel}","templated":true}]}}