{"id":266,"date":"2021-03-16T09:09:48","date_gmt":"2021-03-16T09:09:48","guid":{"rendered":"https:\/\/www.erkanbistro.fi\/?page_id=266"},"modified":"2021-03-16T10:13:55","modified_gmt":"2021-03-16T10:13:55","slug":"tietosuojaseloste","status":"publish","type":"page","link":"https:\/\/www.erkanbistro.fi\/en\/tietosuojaseloste\/","title":{"rendered":"Privacy Policy"},"content":{"rendered":"<div data-elementor-type=\"wp-page\" data-elementor-id=\"266\" class=\"elementor elementor-266\" data-elementor-settings=\"[]\">\n\t\t\t\t\t\t\t<div class=\"elementor-section-wrap\">\n\t\t\t\t\t\t\t<section class=\"elementor-section elementor-top-section elementor-element elementor-element-81c4340 elementor-section-boxed elementor-section-height-default elementor-section-height-default\" data-id=\"81c4340\" data-element_type=\"section\" data-settings=\"{&quot;background_background&quot;:&quot;classic&quot;}\">\n\t\t\t\t\t\t\t<div class=\"elementor-background-overlay\"><\/div>\n\t\t\t\t\t\t\t<div class=\"elementor-container elementor-column-gap-default\">\n\t\t\t\t\t<div class=\"elementor-column elementor-col-100 elementor-top-column elementor-element elementor-element-4704827\" data-id=\"4704827\" data-element_type=\"column\">\n\t\t\t<div class=\"elementor-widget-wrap elementor-element-populated\">\n\t\t\t\t\t\t\t\t<div class=\"elementor-element elementor-element-f87f92d elementor-widget elementor-widget-spacer\" data-id=\"f87f92d\" data-element_type=\"widget\" data-widget_type=\"spacer.default\">\n\t\t\t\t<div class=\"elementor-widget-container\">\n\t\t\t\t\t<div class=\"elementor-spacer\">\n\t\t\t<div class=\"elementor-spacer-inner\"><\/div>\n\t\t<\/div>\n\t\t\t\t<\/div>\n\t\t\t\t<\/div>\n\t\t\t\t<div class=\"elementor-element elementor-element-e677c59 elementor-widget elementor-widget-heading\" data-id=\"e677c59\" data-element_type=\"widget\" data-widget_type=\"heading.default\">\n\t\t\t\t<div class=\"elementor-widget-container\">\n\t\t\t<h2 class=\"elementor-heading-title elementor-size-default\">Privacy Policy<\/h2>\t\t<\/div>\n\t\t\t\t<\/div>\n\t\t\t\t<div class=\"elementor-element elementor-element-d7fc7c2 elementor-widget elementor-widget-text-editor\" data-id=\"d7fc7c2\" data-element_type=\"widget\" data-widget_type=\"text-editor.default\">\n\t\t\t\t<div class=\"elementor-widget-container\">\n\t\t\t\t\t\t\t\t<p><strong>Rekisterinpit\u00e4j\u00e4<\/strong><\/p><ul><li>Nimi: Erkan \u00d6nc\u00fc Ky<\/li><li>Y-tunnus: 1571248-1<\/li><li>Osoite: Keskuskatu 35<\/li><li>Postinumero: 48100<\/li><li>Postitoimipaikka: Kotka<\/li><li>Puhelinnumero: 05 215 888<\/li><li>S\u00e4hk\u00f6postiosoite: info@erkanbistro.fi<\/li><li>Verkkosivustomme osoite on: <a href=\"https:\/\/www.erkanbistro.fi\/en\/\">https:\/\/www.erkanbistro.fi\/<\/a><\/li><\/ul><ul><li><strong>Rekisteriasioita hoitava henkil\u00f6 ja tietosuojavastaava<\/strong><\/li><\/ul><ul><li>Nimi: Erkan \u00d6nc\u00fc<\/li><li>Puhelinnumero: 05 215 888<\/li><li>S\u00e4hk\u00f6postiosoite: &#8211;<\/li><\/ul><p><strong>Mit\u00e4 henkil\u00f6tietoa ker\u00e4\u00e4mme ja miksi<\/strong><\/p><p><strong>Kommentit<\/strong><\/p><p>Kun sivuston k\u00e4ytt\u00e4j\u00e4t j\u00e4tt\u00e4v\u00e4t kommentteja sivustolle, ker\u00e4\u00e4mme kommenttilomakkeessa olevat tiedot, sek\u00e4 k\u00e4ytt\u00e4j\u00e4n IP-osoitteen ja selaimen versiotiedot roskaviestien tunnistamisen helpottamiseksi.<\/p><p>Kun vierailijat j\u00e4tt\u00e4v\u00e4t kommentin t\u00e4lle sivustolle ker\u00e4\u00e4mme tiedon, joka on n\u00e4kyviss\u00e4 kommentointikentiss\u00e4, IP-osoitteen sek\u00e4 selaimen versioon liittyv\u00e4t tiedot.<\/p><p><strong>Yhteydenottolomakkeet ja uutiskirje<\/strong><\/p><p>Ker\u00e4\u00e4mme tietoja yhteydeonottolomakkeiden ja uutiskirjeen kautta<\/p><p><strong>Ev\u00e4steet<\/strong><\/p><p>Jos j\u00e4t\u00e4t kommentin sivustolle, voit valita nimen, s\u00e4hk\u00f6postiosoitteen ja url-osoitteen tallennuksen ev\u00e4steeseen. T\u00e4m\u00e4 toiminto lis\u00e4\u00e4 k\u00e4ytt\u00f6mukavuutta, koska lomaketta ei tarvitse t\u00e4ytt\u00e4\u00e4 jokaisella kerralla uudelleen kommenttia lis\u00e4tess\u00e4. Ev\u00e4stetieto poistetaan selaimesta vuoden kuluttua.<\/p><p>Mik\u00e4li sinulla on tili ja kirjaudut sivustolle, asetamme v\u00e4liaikaisen ev\u00e4steen, joka p\u00e4\u00e4ttelee tukeeko selaimesi ev\u00e4steit\u00e4 vai ei. T\u00e4m\u00e4 ev\u00e4ste ei sis\u00e4ll\u00e4 henkil\u00f6tietoa ja se poistetaan kun selainikkuna suljetaan.<\/p><p>Kun kirjaudut sis\u00e4\u00e4n asetamme useita ev\u00e4steit\u00e4, jotka tallentavat kirjautumis- sek\u00e4 n\u00e4ytt\u00f6asetuksesi. Kirjautumisev\u00e4steet poistetaan kahden vuorokauden kuluessa, n\u00e4ytt\u00f6asetuksiin liittyv\u00e4t ev\u00e4steet poistuvat vuoden p\u00e4\u00e4st\u00e4. Mik\u00e4li valitset \u201cMuista minut\u201d kirjautumisen yhteydess\u00e4, kirjautumistietojasi s\u00e4ilytet\u00e4\u00e4n kahden viikon ajan. Mik\u00e4li kirjaudut ulos, kirjautumiseen liittyv\u00e4t ev\u00e4steet poistetaan samassa yhteydess\u00e4.<\/p><p>Mik\u00e4li julkaiset artikkelin tai muokkaat olemassa olevaa tallennamme selaimeen ev\u00e4steen, joka sis\u00e4lt\u00e4\u00e4 muokattavan artikkelin ID:n. Ev\u00e4ste vanhenee yhdess\u00e4 vuorokaudessa.<\/p><p><strong>Muilta sivustoilta upotettu sis\u00e4lt\u00f6<\/strong><\/p><p>T\u00e4m\u00e4n sivuston artikkelit voivat sis\u00e4lt\u00e4\u00e4 upotettua sis\u00e4lt\u00f6\u00e4 (esimerkiksi videoita, kuvia, artikkeleita jne.). Toisilta sivustoilta tuodun upotetun sis\u00e4ll\u00f6n avaaminen on verrattavissa siihen, ett\u00e4 vierailija itse k\u00e4visi kolmannen osapuolen sivustolla.<\/p><p>N\u00e4m\u00e4 sivustot voivat ker\u00e4t\u00e4 tietoa sinusta, k\u00e4ytt\u00e4\u00e4 ev\u00e4steit\u00e4, upottaa kolmannen osapuolen seurantaev\u00e4steit\u00e4 ja monitoroida vuorovaikutustasi upotetun sis\u00e4ll\u00f6n kanssa, mukaan lukien vuorovaikutuksen seuranta jos ja kun olet kirjautunut k\u00e4ytt\u00e4j\u00e4n\u00e4 sivustolle.<\/p><p><strong>Analytiikka<\/strong><\/p><p>Tietoja ker\u00e4t\u00e4\u00e4n verkkoliikenn\u00f6innist\u00e4 ja hakukonen\u00e4kyvyydest\u00e4 Google Analytics ja Google Search Console -ty\u00f6kalujen avulla.<\/p><p><strong>Tietojen k\u00e4ytt\u00f6<\/strong><\/p><p>Rekisteriss\u00e4 olevia tietoja k\u00e4ytet\u00e4\u00e4n muun muassa:<\/p><ul><li>Asiakkaan tunnistautumiseen ja k\u00e4ytt\u00f6oikeuksien hallintaan<\/li><li>Rekister\u00f6ityneiden k\u00e4ytt\u00e4jien tilausten toimittamiseen ja asiakassuhteen yll\u00e4pitoon sek\u00e4 kehitt\u00e4miseen<\/li><li>Suoramarkkinointiin<\/li><li>Verkkosivujen kehitt\u00e4miseen<\/li><li>Liikenteen seurantaan<\/li><li>Kokemuksen parantamiseen<\/li><\/ul><p><strong>Kuinka kauan s\u00e4ilyt\u00e4mme tietoa<\/strong><\/p><p>Mik\u00e4li j\u00e4t\u00e4t kommentin, kommenttia ja sen metatietoa s\u00e4ilytet\u00e4\u00e4n toistaiseksi. T\u00e4m\u00e4 tehd\u00e4\u00e4n siksi, ett\u00e4 voimme tunnistaa ja hyv\u00e4ksy\u00e4 seuraavat kommentit automaattisesti sen sijaan, ett\u00e4 s\u00e4ilytt\u00e4isimme ne moderointijonossa.<\/p><p>Tallennamme rekister\u00f6ityneiden k\u00e4ytt\u00e4jien (jos sellaisia on) k\u00e4ytt\u00e4j\u00e4profiilien tiedot. Kaikilla k\u00e4ytt\u00e4jill\u00e4 on mahdollisuus n\u00e4hd\u00e4, muokata ja poistaa omia henkil\u00f6tietojaan milloin vain. Ainoastaan k\u00e4ytt\u00e4j\u00e4nime\u00e4 ei voi muuttaa. Verkkosivuston yll\u00e4pit\u00e4j\u00e4t voivat n\u00e4hd\u00e4 ja muokata k\u00e4ytt\u00e4j\u00e4profiilien tietoja.<\/p><p><strong>Minne l\u00e4het\u00e4mme tietosi<\/strong><\/p><p>Vierailijoiden kommentteja saatetaan tarkistaa automatisoidun roskapostiestopalvelun kautta. Tietoja ei s\u00e4\u00e4nn\u00f6nmukaisesti luovuteta yrityksen ulkopuolelle. Osa yrityksen k\u00e4ytt\u00e4mist\u00e4 ulkopuolisista palvelun- tai ohjelmistontarjoajista saattavat s\u00e4ilytt\u00e4\u00e4 tietoja EU:n tai Euroopan talousalueen ulkopuolella.<\/p><p><strong>Automaattinen p\u00e4\u00e4t\u00f6ksenteko<\/strong><\/p><p>Automatisoituja yksitt\u00e4isp\u00e4\u00e4t\u00f6ksi\u00e4 (EU:n tietosuoja-asetuksen artikla 22) ei tehd\u00e4.<\/p><p><strong>Rekister\u00f6idyn oikeudet<\/strong><\/p><p>Rekister\u00f6idyll\u00e4 on oikeus tarkastaa, mit\u00e4 h\u00e4nt\u00e4 koskevia tietoja henkil\u00f6tietorekisteriin on talletettu. Kirjallinen tarkastuspyynt\u00f6 tulee l\u00e4hett\u00e4\u00e4 allekirjoitettuna rekisteriasioista vastaavalle henkil\u00f6lle.<\/p><p>Tarkastusoikeus on maksuton enint\u00e4\u00e4n kerran vuodessa toteutettuna.<\/p><p>Rekister\u00f6idyll\u00e4 on oikeus vaatia virheellisten tai vanhentuneiden tietojen oikaisua tai poistamista tai tietojen siirtoa j\u00e4rjestelm\u00e4st\u00e4 toiseen. H\u00e4nell\u00e4 on my\u00f6s oikeus rajoittaa tai vastustaa tietojensa k\u00e4sittely\u00e4 EU:n tietosuoja-asetuksen artiklojen 18 ja 21 mukaisesti.<\/p><p>Rekister\u00f6idyll\u00e4 on oikeus peruuttaa aiemmin antamansa suostumus tietojen k\u00e4sittelylle tai tehd\u00e4 henkil\u00f6tietojensa k\u00e4sittelyyn liittyvist\u00e4 seikoista valitus valvontaviranomaiselle. Rekister\u00f6idyll\u00e4 on my\u00f6s oikeus kielt\u00e4\u00e4 tietojensa k\u00e4ytt\u00f6 suoramarkkinointitarkoituksiin<\/p>\t\t\t\t\t\t<\/div>\n\t\t\t\t<\/div>\n\t\t\t\t\t<\/div>\n\t\t<\/div>\n\t\t\t\t\t\t\t<\/div>\n\t\t<\/section>\n\t\t\t\t\t\t<\/div>\n\t\t\t\t\t<\/div>","protected":false},"excerpt":{"rendered":"<p>Tietosuojaseloste Rekisterinpit\u00e4j\u00e4 Nimi: Erkan \u00d6nc\u00fc Ky Y-tunnus: 1571248-1 Osoite: Keskuskatu 35 Postinumero: 48100 Postitoimipaikka: Kotka Puhelinnumero: 05 215 888 S\u00e4hk\u00f6postiosoite: info@erkanbistro.fi Verkkosivustomme osoite on: https:\/\/www.erkanbistro.fi\/ Rekisteriasioita hoitava henkil\u00f6 ja tietosuojavastaava Nimi: Erkan \u00d6nc\u00fc Puhelinnumero: 05 215 888 S\u00e4hk\u00f6postiosoite: &#8211; Mit\u00e4 henkil\u00f6tietoa ker\u00e4\u00e4mme ja miksi Kommentit Kun sivuston k\u00e4ytt\u00e4j\u00e4t j\u00e4tt\u00e4v\u00e4t kommentteja sivustolle, ker\u00e4\u00e4mme kommenttilomakkeessa olevat tiedot, &hellip;<\/p>\n<p class=\"read-more\"> <a class=\"\" href=\"https:\/\/www.erkanbistro.fi\/en\/tietosuojaseloste\/\"> <span class=\"screen-reader-text\">Privacy Policy<\/span> Read More &raquo;<\/a><\/p>","protected":false},"author":1,"featured_media":0,"parent":0,"menu_order":0,"comment_status":"closed","ping_status":"closed","template":"","meta":{"spay_email":"","footnotes":""},"class_list":["post-266","page","type-page","status-publish","hentry"],"yoast_head":"<!-- This site is optimized with the Yoast SEO plugin v16.7 - https:\/\/yoast.com\/wordpress\/plugins\/seo\/ -->\n<title>Tietosuojaseloste - Erkan Bistro<\/title>\n<meta name=\"robots\" content=\"index, follow, max-snippet:-1, max-image-preview:large, max-video-preview:-1\" \/>\n<link rel=\"canonical\" href=\"https:\/\/www.erkanbistro.fi\/en\/tietosuojaseloste\/\" \/>\n<meta property=\"og:locale\" content=\"en_US\" \/>\n<meta property=\"og:type\" content=\"article\" \/>\n<meta property=\"og:title\" content=\"Tietosuojaseloste - Erkan Bistro\" \/>\n<meta property=\"og:description\" content=\"Tietosuojaseloste Rekisterinpit\u00e4j\u00e4 Nimi: Erkan \u00d6nc\u00fc Ky Y-tunnus: 1571248-1 Osoite: Keskuskatu 35 Postinumero: 48100 Postitoimipaikka: Kotka Puhelinnumero: 05 215 888 S\u00e4hk\u00f6postiosoite: info@erkanbistro.fi Verkkosivustomme osoite on: https:\/\/www.erkanbistro.fi\/ Rekisteriasioita hoitava henkil\u00f6 ja tietosuojavastaava Nimi: Erkan \u00d6nc\u00fc Puhelinnumero: 05 215 888 S\u00e4hk\u00f6postiosoite: &#8211; Mit\u00e4 henkil\u00f6tietoa ker\u00e4\u00e4mme ja miksi Kommentit Kun sivuston k\u00e4ytt\u00e4j\u00e4t j\u00e4tt\u00e4v\u00e4t kommentteja sivustolle, ker\u00e4\u00e4mme kommenttilomakkeessa olevat tiedot, &hellip; Tietosuojaseloste Read More &raquo;\" \/>\n<meta property=\"og:url\" content=\"https:\/\/www.erkanbistro.fi\/en\/tietosuojaseloste\/\" \/>\n<meta property=\"og:site_name\" content=\"Erkan Bistro\" \/>\n<meta property=\"article:publisher\" content=\"https:\/\/www.facebook.com\/erkanbistro\" \/>\n<meta property=\"article:modified_time\" content=\"2021-03-16T10:13:55+00:00\" \/>\n<meta name=\"twitter:card\" content=\"summary_large_image\" \/>\n<meta name=\"twitter:label1\" content=\"Est. reading time\" \/>\n\t<meta name=\"twitter:data1\" content=\"3 minutes\" \/>\n<script type=\"application\/ld+json\" class=\"yoast-schema-graph\">{\"@context\":\"https:\/\/schema.org\",\"@graph\":[{\"@type\":\"Organization\",\"@id\":\"https:\/\/www.erkanbistro.fi\/#organization\",\"name\":\"Erkan Bistro & Restaurant\",\"url\":\"https:\/\/www.erkanbistro.fi\/\",\"sameAs\":[\"https:\/\/www.facebook.com\/erkanbistro\",\"https:\/\/www.instagram.com\/erkanbistro\/\"],\"logo\":{\"@type\":\"ImageObject\",\"@id\":\"https:\/\/www.erkanbistro.fi\/#logo\",\"inLanguage\":\"en-US\",\"url\":\"https:\/\/www.erkanbistro.fi\/wp-content\/uploads\/2021\/03\/cropped-cropped-ErkanLogo2020_MustaWEB.jpg\",\"contentUrl\":\"https:\/\/www.erkanbistro.fi\/wp-content\/uploads\/2021\/03\/cropped-cropped-ErkanLogo2020_MustaWEB.jpg\",\"width\":512,\"height\":512,\"caption\":\"Erkan Bistro & Restaurant\"},\"image\":{\"@id\":\"https:\/\/www.erkanbistro.fi\/#logo\"}},{\"@type\":\"WebSite\",\"@id\":\"https:\/\/www.erkanbistro.fi\/#website\",\"url\":\"https:\/\/www.erkanbistro.fi\/\",\"name\":\"Erkan Bistro & Restaurant\",\"description\":\"ESTD. 1998\",\"publisher\":{\"@id\":\"https:\/\/www.erkanbistro.fi\/#organization\"},\"potentialAction\":[{\"@type\":\"SearchAction\",\"target\":{\"@type\":\"EntryPoint\",\"urlTemplate\":\"https:\/\/www.erkanbistro.fi\/?s={search_term_string}\"},\"query-input\":\"required name=search_term_string\"}],\"inLanguage\":\"en-US\"},{\"@type\":\"WebPage\",\"@id\":\"https:\/\/www.erkanbistro.fi\/tietosuojaseloste\/#webpage\",\"url\":\"https:\/\/www.erkanbistro.fi\/tietosuojaseloste\/\",\"name\":\"Tietosuojaseloste - Erkan Bistro\",\"isPartOf\":{\"@id\":\"https:\/\/www.erkanbistro.fi\/#website\"},\"datePublished\":\"2021-03-16T09:09:48+00:00\",\"dateModified\":\"2021-03-16T10:13:55+00:00\",\"breadcrumb\":{\"@id\":\"https:\/\/www.erkanbistro.fi\/tietosuojaseloste\/#breadcrumb\"},\"inLanguage\":\"en-US\",\"potentialAction\":[{\"@type\":\"ReadAction\",\"target\":[\"https:\/\/www.erkanbistro.fi\/tietosuojaseloste\/\"]}]},{\"@type\":\"BreadcrumbList\",\"@id\":\"https:\/\/www.erkanbistro.fi\/tietosuojaseloste\/#breadcrumb\",\"itemListElement\":[{\"@type\":\"ListItem\",\"position\":1,\"name\":\"Etusivu\",\"item\":\"https:\/\/www.erkanbistro.fi\/\"},{\"@type\":\"ListItem\",\"position\":2,\"name\":\"Tietosuojaseloste\"}]}]}<\/script>\n<!-- \/ Yoast SEO plugin. -->","yoast_head_json":{"title":"Tietosuojaseloste - Erkan Bistro","robots":{"index":"index","follow":"follow","max-snippet":"max-snippet:-1","max-image-preview":"max-image-preview:large","max-video-preview":"max-video-preview:-1"},"canonical":"https:\/\/www.erkanbistro.fi\/en\/tietosuojaseloste\/","og_locale":"en_US","og_type":"article","og_title":"Tietosuojaseloste - Erkan Bistro","og_description":"Tietosuojaseloste Rekisterinpit\u00e4j\u00e4 Nimi: Erkan \u00d6nc\u00fc Ky Y-tunnus: 1571248-1 Osoite: Keskuskatu 35 Postinumero: 48100 Postitoimipaikka: Kotka Puhelinnumero: 05 215 888 S\u00e4hk\u00f6postiosoite: info@erkanbistro.fi Verkkosivustomme osoite on: https:\/\/www.erkanbistro.fi\/ Rekisteriasioita hoitava henkil\u00f6 ja tietosuojavastaava Nimi: Erkan \u00d6nc\u00fc Puhelinnumero: 05 215 888 S\u00e4hk\u00f6postiosoite: &#8211; Mit\u00e4 henkil\u00f6tietoa ker\u00e4\u00e4mme ja miksi Kommentit Kun sivuston k\u00e4ytt\u00e4j\u00e4t j\u00e4tt\u00e4v\u00e4t kommentteja sivustolle, ker\u00e4\u00e4mme kommenttilomakkeessa olevat tiedot, &hellip; Tietosuojaseloste Read More &raquo;","og_url":"https:\/\/www.erkanbistro.fi\/en\/tietosuojaseloste\/","og_site_name":"Erkan Bistro","article_publisher":"https:\/\/www.facebook.com\/erkanbistro","article_modified_time":"2021-03-16T10:13:55+00:00","twitter_card":"summary_large_image","twitter_misc":{"Est. reading time":"3 minutes"},"schema":{"@context":"https:\/\/schema.org","@graph":[{"@type":"Organization","@id":"https:\/\/www.erkanbistro.fi\/#organization","name":"Erkan Bistro & Restaurant","url":"https:\/\/www.erkanbistro.fi\/","sameAs":["https:\/\/www.facebook.com\/erkanbistro","https:\/\/www.instagram.com\/erkanbistro\/"],"logo":{"@type":"ImageObject","@id":"https:\/\/www.erkanbistro.fi\/#logo","inLanguage":"en-US","url":"https:\/\/www.erkanbistro.fi\/wp-content\/uploads\/2021\/03\/cropped-cropped-ErkanLogo2020_MustaWEB.jpg","contentUrl":"https:\/\/www.erkanbistro.fi\/wp-content\/uploads\/2021\/03\/cropped-cropped-ErkanLogo2020_MustaWEB.jpg","width":512,"height":512,"caption":"Erkan Bistro & Restaurant"},"image":{"@id":"https:\/\/www.erkanbistro.fi\/#logo"}},{"@type":"WebSite","@id":"https:\/\/www.erkanbistro.fi\/#website","url":"https:\/\/www.erkanbistro.fi\/","name":"Erkan Bistro & Restaurant","description":"ESTD. 1998","publisher":{"@id":"https:\/\/www.erkanbistro.fi\/#organization"},"potentialAction":[{"@type":"SearchAction","target":{"@type":"EntryPoint","urlTemplate":"https:\/\/www.erkanbistro.fi\/?s={search_term_string}"},"query-input":"required name=search_term_string"}],"inLanguage":"en-US"},{"@type":"WebPage","@id":"https:\/\/www.erkanbistro.fi\/tietosuojaseloste\/#webpage","url":"https:\/\/www.erkanbistro.fi\/tietosuojaseloste\/","name":"Tietosuojaseloste - Erkan Bistro","isPartOf":{"@id":"https:\/\/www.erkanbistro.fi\/#website"},"datePublished":"2021-03-16T09:09:48+00:00","dateModified":"2021-03-16T10:13:55+00:00","breadcrumb":{"@id":"https:\/\/www.erkanbistro.fi\/tietosuojaseloste\/#breadcrumb"},"inLanguage":"en-US","potentialAction":[{"@type":"ReadAction","target":["https:\/\/www.erkanbistro.fi\/tietosuojaseloste\/"]}]},{"@type":"BreadcrumbList","@id":"https:\/\/www.erkanbistro.fi\/tietosuojaseloste\/#breadcrumb","itemListElement":[{"@type":"ListItem","position":1,"name":"Etusivu","item":"https:\/\/www.erkanbistro.fi\/"},{"@type":"ListItem","position":2,"name":"Tietosuojaseloste"}]}]}},"_links":{"self":[{"href":"https:\/\/www.erkanbistro.fi\/en\/wp-json\/wp\/v2\/pages\/266","targetHints":{"allow":["GET"]}}],"collection":[{"href":"https:\/\/www.erkanbistro.fi\/en\/wp-json\/wp\/v2\/pages"}],"about":[{"href":"https:\/\/www.erkanbistro.fi\/en\/wp-json\/wp\/v2\/types\/page"}],"author":[{"embeddable":true,"href":"https:\/\/www.erkanbistro.fi\/en\/wp-json\/wp\/v2\/users\/1"}],"replies":[{"embeddable":true,"href":"https:\/\/www.erkanbistro.fi\/en\/wp-json\/wp\/v2\/comments?post=266"}],"version-history":[{"count":11,"href":"https:\/\/www.erkanbistro.fi\/en\/wp-json\/wp\/v2\/pages\/266\/revisions"}],"predecessor-version":[{"id":291,"href":"https:\/\/www.erkanbistro.fi\/en\/wp-json\/wp\/v2\/pages\/266\/revisions\/291"}],"wp:attachment":[{"href":"https:\/\/www.erkanbistro.fi\/en\/wp-json\/wp\/v2\/media?parent=266"}],"curies":[{"name":"wp","href":"https:\/\/api.w.org\/{rel}","templated":true}]}}