{"id":105,"date":"2021-03-13T08:03:26","date_gmt":"2021-03-13T08:03:26","guid":{"rendered":"https:\/\/www.erkanbistro.fi\/?page_id=105"},"modified":"2025-11-19T15:29:30","modified_gmt":"2025-11-19T15:29:30","slug":"menu","status":"publish","type":"page","link":"https:\/\/www.erkanbistro.fi\/en\/menu\/","title":{"rendered":"Menu"},"content":{"rendered":"<div data-elementor-type=\"wp-page\" data-elementor-id=\"105\" class=\"elementor elementor-105\" data-elementor-settings=\"[]\">\n\t\t\t\t\t\t\t<div class=\"elementor-section-wrap\">\n\t\t\t\t\t\t\t<section class=\"elementor-section elementor-top-section elementor-element elementor-element-180e0d2 elementor-section-full_width elementor-section-height-min-height elementor-section-height-default elementor-section-items-middle\" data-id=\"180e0d2\" data-element_type=\"section\" data-settings=\"{&quot;background_background&quot;:&quot;classic&quot;}\">\n\t\t\t\t\t\t\t<div class=\"elementor-background-overlay\"><\/div>\n\t\t\t\t\t\t\t<div class=\"elementor-container elementor-column-gap-default\">\n\t\t\t\t\t<div class=\"elementor-column elementor-col-100 elementor-top-column elementor-element elementor-element-7c1df44\" data-id=\"7c1df44\" data-element_type=\"column\">\n\t\t\t<div class=\"elementor-widget-wrap elementor-element-populated\">\n\t\t\t\t\t\t\t\t<div class=\"elementor-element elementor-element-cc48b91 elementor-widget elementor-widget-heading\" data-id=\"cc48b91\" data-element_type=\"widget\" data-widget_type=\"heading.default\">\n\t\t\t\t<div class=\"elementor-widget-container\">\n\t\t\t<h2 class=\"elementor-heading-title elementor-size-default\">- Menu -<\/h2>\t\t<\/div>\n\t\t\t\t<\/div>\n\t\t\t\t\t<\/div>\n\t\t<\/div>\n\t\t\t\t\t\t\t<\/div>\n\t\t<\/section>\n\t\t\t\t<section class=\"elementor-section elementor-top-section elementor-element elementor-element-3c9676b elementor-section-boxed elementor-section-height-default elementor-section-height-default\" data-id=\"3c9676b\" data-element_type=\"section\" data-settings=\"{&quot;background_background&quot;:&quot;classic&quot;}\">\n\t\t\t\t\t\t<div class=\"elementor-container elementor-column-gap-default\">\n\t\t\t\t\t<div class=\"elementor-column elementor-col-100 elementor-top-column elementor-element elementor-element-72f1f22\" data-id=\"72f1f22\" data-element_type=\"column\">\n\t\t\t<div class=\"elementor-widget-wrap elementor-element-populated\">\n\t\t\t\t\t\t\t\t<div class=\"elementor-element elementor-element-15358c4 elementor-widget elementor-widget-text-editor\" data-id=\"15358c4\" data-element_type=\"widget\" data-widget_type=\"text-editor.default\">\n\t\t\t\t<div class=\"elementor-widget-container\">\n\t\t\t\t\t\t\t\t<p>Our menu has something for everyone.<\/p>\t\t\t\t\t\t<\/div>\n\t\t\t\t<\/div>\n\t\t\t\t<div class=\"elementor-element elementor-element-e8ae10c elementor-widget-divider--view-line elementor-widget elementor-widget-divider\" data-id=\"e8ae10c\" data-element_type=\"widget\" data-widget_type=\"divider.default\">\n\t\t\t\t<div class=\"elementor-widget-container\">\n\t\t\t\t\t<div class=\"elementor-divider\">\n\t\t\t<span class=\"elementor-divider-separator\">\n\t\t\t\t\t\t<\/span>\n\t\t<\/div>\n\t\t\t\t<\/div>\n\t\t\t\t<\/div>\n\t\t\t\t<div class=\"elementor-element elementor-element-f1418ee elementor-widget elementor-widget-text-editor\" data-id=\"f1418ee\" data-element_type=\"widget\" data-widget_type=\"text-editor.default\">\n\t\t\t\t<div class=\"elementor-widget-container\">\n\t\t\t\t\t\t\t\t<p>Delicious salads, juicy burgers, familiar pizzas and kebabs, as well as children's portions!<\/p>\t\t\t\t\t\t<\/div>\n\t\t\t\t<\/div>\n\t\t\t\t\t<\/div>\n\t\t<\/div>\n\t\t\t\t\t\t\t<\/div>\n\t\t<\/section>\n\t\t\t\t<section class=\"elementor-section elementor-top-section elementor-element elementor-element-46e5567 elementor-section-boxed elementor-section-height-default elementor-section-height-default\" data-id=\"46e5567\" data-element_type=\"section\" data-settings=\"{&quot;background_background&quot;:&quot;classic&quot;}\">\n\t\t\t\t\t\t<div class=\"elementor-container elementor-column-gap-default\">\n\t\t\t\t\t<div class=\"elementor-column elementor-col-50 elementor-top-column elementor-element elementor-element-c830029\" data-id=\"c830029\" data-element_type=\"column\" data-settings=\"{&quot;background_background&quot;:&quot;classic&quot;}\">\n\t\t\t<div class=\"elementor-widget-wrap elementor-element-populated\">\n\t\t\t\t\t<div class=\"elementor-background-overlay\"><\/div>\n\t\t\t\t\t\t\t\t<div class=\"elementor-element elementor-element-e51290f elementor-widget elementor-widget-heading\" data-id=\"e51290f\" data-element_type=\"widget\" data-widget_type=\"heading.default\">\n\t\t\t\t<div class=\"elementor-widget-container\">\n\t\t\t<h2 class=\"elementor-heading-title elementor-size-default\">Burgers<\/h2>\t\t<\/div>\n\t\t\t\t<\/div>\n\t\t\t\t<div class=\"elementor-element elementor-element-0e5688f elementor-widget-divider--view-line elementor-invisible elementor-widget elementor-widget-divider\" data-id=\"0e5688f\" data-element_type=\"widget\" data-settings=\"{&quot;_animation&quot;:&quot;lightSpeedIn&quot;}\" data-widget_type=\"divider.default\">\n\t\t\t\t<div class=\"elementor-widget-container\">\n\t\t\t\t\t<div class=\"elementor-divider\">\n\t\t\t<span class=\"elementor-divider-separator\">\n\t\t\t\t\t\t<\/span>\n\t\t<\/div>\n\t\t\t\t<\/div>\n\t\t\t\t<\/div>\n\t\t\t\t<div class=\"elementor-element elementor-element-f1dae0a elementor-widget elementor-widget-text-editor\" data-id=\"f1dae0a\" data-element_type=\"widget\" data-widget_type=\"text-editor.default\">\n\t\t\t\t<div class=\"elementor-widget-container\">\n\t\t\t\t\t\t\t\t<p>PREMIUM BURGER . . . . . . . . . . . . . . . . . . . . . . . . . . . . . . . . 21.80<\/p><p>ERKAN SPICY BURGER . . . . . . . . . . . . . . . . . . . . . . . . . . .. . 23.70<\/p><p>ERKANIN SPECIAL BURGER . . . . . . . . . . . . . . . . . . . . . . . \u00a0. 23.70<\/p><p>CHICKEN BURGER . . . . . . . . . . . . . . . . . . . . . . . . . . . . . . . 21.80<\/p><p>VEGE BURGER . . . . . . . . . . . . . . . . . . . . . . . . . . . . . . .. . . 20.30<\/p><p>CHEVRE BURGER . . . . . . . . . . . . . . . . . . . . . . . . .. . . . . . . 20.30<\/p>\t\t\t\t\t\t<\/div>\n\t\t\t\t<\/div>\n\t\t\t\t\t<\/div>\n\t\t<\/div>\n\t\t\t\t<div class=\"elementor-column elementor-col-50 elementor-top-column elementor-element elementor-element-c6360c5\" data-id=\"c6360c5\" data-element_type=\"column\" data-settings=\"{&quot;background_background&quot;:&quot;classic&quot;}\">\n\t\t\t<div class=\"elementor-widget-wrap elementor-element-populated\">\n\t\t\t\t\t<div class=\"elementor-background-overlay\"><\/div>\n\t\t\t\t\t\t\t\t<div class=\"elementor-element elementor-element-c49728c elementor-widget elementor-widget-heading\" data-id=\"c49728c\" data-element_type=\"widget\" data-widget_type=\"heading.default\">\n\t\t\t\t<div class=\"elementor-widget-container\">\n\t\t\t<h2 class=\"elementor-heading-title elementor-size-default\">Salads<\/h2>\t\t<\/div>\n\t\t\t\t<\/div>\n\t\t\t\t<div class=\"elementor-element elementor-element-f454cfc elementor-widget-divider--view-line elementor-invisible elementor-widget elementor-widget-divider\" data-id=\"f454cfc\" data-element_type=\"widget\" data-settings=\"{&quot;_animation&quot;:&quot;lightSpeedIn&quot;}\" data-widget_type=\"divider.default\">\n\t\t\t\t<div class=\"elementor-widget-container\">\n\t\t\t\t\t<div class=\"elementor-divider\">\n\t\t\t<span class=\"elementor-divider-separator\">\n\t\t\t\t\t\t<\/span>\n\t\t<\/div>\n\t\t\t\t<\/div>\n\t\t\t\t<\/div>\n\t\t\t\t<div class=\"elementor-element elementor-element-bcd5028 elementor-widget elementor-widget-text-editor\" data-id=\"bcd5028\" data-element_type=\"widget\" data-widget_type=\"text-editor.default\">\n\t\t\t\t<div class=\"elementor-widget-container\">\n\t\t\t\t\t\t\t\t<p>KATKARAPU . . . . . . . . . . . . . . . . . . . . . . . . . . . . . . . . . . . . . 16.20<\/p><p>KANA . . . . . . . . . . . . . . . . \u00a0. . . . . . . . . . . . . . . . . . . . . . . .\u00a0 16.20<\/p><p>JUUSTO . . . . . . . . . . .. . . . . . . . . . . . . . . . . . . . . . . . . . . . . \u00a016.00<\/p><p>KANA CAESAR . . . .. . . . . . . . . . . . . . . . . . . . . . . . . . . . . . . 16.90<\/p><p>CHEVRE JUUSTO . . . . \u00a0. . . . . . . . . . . . . . . . . . . . . . . . . . . . . 16.20<\/p><p>V\u00c4LIMEREN SALAATTI . . . . . . . \u00a0. . . . . . . . . . . . . . . . . . . . . . 16.70<\/p><p>SAVULOHI-KATKARAPU SALAATTI . . . . . . . . . . . . . . . . . . . . . . 17.00<\/p><p>KEBAB SALAATTI . . . . . \u00a0. . . . . . . . . . . . . . . . . . . . . . . . . . . . 14.80<\/p><p>FALAFEL- HALLOUMISALAATTI . . . . . . . . . .. . . . . . . . . . . . . . 16.50<\/p><p>\u00a0<\/p>\t\t\t\t\t\t<\/div>\n\t\t\t\t<\/div>\n\t\t\t\t\t<\/div>\n\t\t<\/div>\n\t\t\t\t\t\t\t<\/div>\n\t\t<\/section>\n\t\t\t\t<section class=\"elementor-section elementor-top-section elementor-element elementor-element-d228d5f elementor-section-boxed elementor-section-height-default elementor-section-height-default\" data-id=\"d228d5f\" data-element_type=\"section\" data-settings=\"{&quot;background_background&quot;:&quot;classic&quot;}\">\n\t\t\t\t\t\t<div class=\"elementor-container elementor-column-gap-default\">\n\t\t\t\t\t<div class=\"elementor-column elementor-col-50 elementor-top-column elementor-element elementor-element-1871862\" data-id=\"1871862\" data-element_type=\"column\" data-settings=\"{&quot;background_background&quot;:&quot;classic&quot;}\">\n\t\t\t<div class=\"elementor-widget-wrap elementor-element-populated\">\n\t\t\t\t\t<div class=\"elementor-background-overlay\"><\/div>\n\t\t\t\t\t\t\t\t<div class=\"elementor-element elementor-element-8fde336 elementor-widget elementor-widget-heading\" data-id=\"8fde336\" data-element_type=\"widget\" data-widget_type=\"heading.default\">\n\t\t\t\t<div class=\"elementor-widget-container\">\n\t\t\t<h2 class=\"elementor-heading-title elementor-size-default\">BBQ<\/h2>\t\t<\/div>\n\t\t\t\t<\/div>\n\t\t\t\t<div class=\"elementor-element elementor-element-d899981 elementor-widget-divider--view-line elementor-invisible elementor-widget elementor-widget-divider\" data-id=\"d899981\" data-element_type=\"widget\" data-settings=\"{&quot;_animation&quot;:&quot;lightSpeedIn&quot;}\" data-widget_type=\"divider.default\">\n\t\t\t\t<div class=\"elementor-widget-container\">\n\t\t\t\t\t<div class=\"elementor-divider\">\n\t\t\t<span class=\"elementor-divider-separator\">\n\t\t\t\t\t\t<\/span>\n\t\t<\/div>\n\t\t\t\t<\/div>\n\t\t\t\t<\/div>\n\t\t\t\t<div class=\"elementor-element elementor-element-4c7a18a elementor-widget elementor-widget-text-editor\" data-id=\"4c7a18a\" data-element_type=\"widget\" data-widget_type=\"text-editor.default\">\n\t\t\t\t<div class=\"elementor-widget-container\">\n\t\t\t\t\t\t\t\t<p>\u00a0<\/p><p>VUOHENJUUSTOKANA . . . . . . . . . . . . . . . . . . . . . . . . . . . . . 25.80<\/p><p>ERKANIN SPECIAL KANA . . . . . . . . . . . . . . . . . . . . . . . . . . . 25.80<\/p><p>CRISPY CHICKEN. . . . . . . . . . . . . . . . . . . . . . . . . . . . . . . . . 18.30<\/p>\t\t\t\t\t\t<\/div>\n\t\t\t\t<\/div>\n\t\t\t\t<div class=\"elementor-element elementor-element-eea0643 elementor-widget elementor-widget-heading\" data-id=\"eea0643\" data-element_type=\"widget\" data-widget_type=\"heading.default\">\n\t\t\t\t<div class=\"elementor-widget-container\">\n\t\t\t<h2 class=\"elementor-heading-title elementor-size-default\">Kebabs<\/h2>\t\t<\/div>\n\t\t\t\t<\/div>\n\t\t\t\t<div class=\"elementor-element elementor-element-2dbf1f9 elementor-widget-divider--view-line elementor-invisible elementor-widget elementor-widget-divider\" data-id=\"2dbf1f9\" data-element_type=\"widget\" data-settings=\"{&quot;_animation&quot;:&quot;lightSpeedIn&quot;}\" data-widget_type=\"divider.default\">\n\t\t\t\t<div class=\"elementor-widget-container\">\n\t\t\t\t\t<div class=\"elementor-divider\">\n\t\t\t<span class=\"elementor-divider-separator\">\n\t\t\t\t\t\t<\/span>\n\t\t<\/div>\n\t\t\t\t<\/div>\n\t\t\t\t<\/div>\n\t\t\t\t<div class=\"elementor-element elementor-element-d897660 elementor-widget elementor-widget-text-editor\" data-id=\"d897660\" data-element_type=\"widget\" data-widget_type=\"text-editor.default\">\n\t\t\t\t<div class=\"elementor-widget-container\">\n\t\t\t\t\t\t\t\t<p>NORMAALI. . . . . . . . . . . . . . . . . . . . . . . . . . . . . . . . . . . . 14.30<\/p><p>PIENI . . . . . . . . . . . . . . . . . . . . . . . . . . . . . . . . . . . . . . . . 12.40<\/p><p>PITALEIP\u00c4 . . . . . . . . . . . . . . . . . . . . . . . . . . . . . . . . . . . . . 12.20<\/p><p>ISKENDER . . . . . . . . . . . . . . . . . . . . . . . . . . . . . . . . . . . . . 14.50<\/p><p>CALZONE . . . . . . . . . . . . . . . . . . . . . . . . . . . . . . . . . . . . . 16.40<\/p>\t\t\t\t\t\t<\/div>\n\t\t\t\t<\/div>\n\t\t\t\t<div class=\"elementor-element elementor-element-db256dd elementor-widget elementor-widget-heading\" data-id=\"db256dd\" data-element_type=\"widget\" data-widget_type=\"heading.default\">\n\t\t\t\t<div class=\"elementor-widget-container\">\n\t\t\t<h2 class=\"elementor-heading-title elementor-size-default\">Kids Menu<\/h2>\t\t<\/div>\n\t\t\t\t<\/div>\n\t\t\t\t<div class=\"elementor-element elementor-element-736b2a4 elementor-widget-divider--view-line elementor-invisible elementor-widget elementor-widget-divider\" data-id=\"736b2a4\" data-element_type=\"widget\" data-settings=\"{&quot;_animation&quot;:&quot;lightSpeedIn&quot;}\" data-widget_type=\"divider.default\">\n\t\t\t\t<div class=\"elementor-widget-container\">\n\t\t\t\t\t<div class=\"elementor-divider\">\n\t\t\t<span class=\"elementor-divider-separator\">\n\t\t\t\t\t\t<\/span>\n\t\t<\/div>\n\t\t\t\t<\/div>\n\t\t\t\t<\/div>\n\t\t\t\t<div class=\"elementor-element elementor-element-8f28084 elementor-widget elementor-widget-text-editor\" data-id=\"8f28084\" data-element_type=\"widget\" data-widget_type=\"text-editor.default\">\n\t\t\t\t<div class=\"elementor-widget-container\">\n\t\t\t\t\t\t\t\t<p>CRISPY CHICKEN . . . . . . . . . . . . . . . . . . . . . .. . . . . . . . . . . . . 7.90<\/p><p>LASTEN KEBAB . . . . . . . . . . . . . . . . . . . . . . . . . . . . . . . . . . . . 7.90<\/p><p>ISOT RANSKALAISET . . . . . . . . . . . . . . . . . . . . . . . . . . . . . . . . 6.70<\/p><p>PIENET RANSKALAISET. . . . . . . . . .. . . . . . . . . . . . . . . . . . . . . 4.70<\/p>\t\t\t\t\t\t<\/div>\n\t\t\t\t<\/div>\n\t\t\t\t\t<\/div>\n\t\t<\/div>\n\t\t\t\t<div class=\"elementor-column elementor-col-50 elementor-top-column elementor-element elementor-element-4509d25\" data-id=\"4509d25\" data-element_type=\"column\" data-settings=\"{&quot;background_background&quot;:&quot;classic&quot;}\">\n\t\t\t<div class=\"elementor-widget-wrap elementor-element-populated\">\n\t\t\t\t\t<div class=\"elementor-background-overlay\"><\/div>\n\t\t\t\t\t\t\t\t<div class=\"elementor-element elementor-element-5404a0c elementor-widget elementor-widget-heading\" data-id=\"5404a0c\" data-element_type=\"widget\" data-widget_type=\"heading.default\">\n\t\t\t\t<div class=\"elementor-widget-container\">\n\t\t\t<h2 class=\"elementor-heading-title elementor-size-default\">Pizza<\/h2>\t\t<\/div>\n\t\t\t\t<\/div>\n\t\t\t\t<div class=\"elementor-element elementor-element-b7fe17b elementor-widget-divider--view-line_text elementor-widget-divider--element-align-center elementor-invisible elementor-widget elementor-widget-divider\" data-id=\"b7fe17b\" data-element_type=\"widget\" data-settings=\"{&quot;_animation&quot;:&quot;lightSpeedIn&quot;}\" data-widget_type=\"divider.default\">\n\t\t\t\t<div class=\"elementor-widget-container\">\n\t\t\t\t\t<div class=\"elementor-divider\">\n\t\t\t<span class=\"elementor-divider-separator\">\n\t\t\t\t\t\t\t<span class=\"elementor-divider__text elementor-divider__element\">Normal\/Family<\/span>\n\t\t\t\t\t\t<\/span>\n\t\t<\/div>\n\t\t\t\t<\/div>\n\t\t\t\t<\/div>\n\t\t\t\t<div class=\"elementor-element elementor-element-b3b14a8 elementor-widget elementor-widget-text-editor\" data-id=\"b3b14a8\" data-element_type=\"widget\" data-widget_type=\"text-editor.default\">\n\t\t\t\t<div class=\"elementor-widget-container\">\n\t\t\t\t\t\t\t\t<p>ERKANIN TULINEN . . . . . . . . . . . . . . . . . . . . . . . . .\u00a0 17.30 \/ 28.00<\/p><p>ERKANIN SPECIAL . . . . . . . . . . . . . . . . . . . . . . . . . . 18.30 \/ 29.80<\/p><p>EMPIRE SPECIAL . . . . . . . . . . . . . . . . . . . . . . . . . . . . 16.30 \/ 27.00<\/p><p>DILLINGER . . . . . . . . . . . . . . . . . . . . . . . . . .. . . . . . .15.80 \/ 26.00<\/p><p>BEAFEATER . . .. . . . . . . . . . . . . . . . . . . . . . . . . . . . . 15.80 \/ 26.00<\/p><p>SUPER . . . . . . . . . . . . . . . . . . . . . . . . . . . . . . . . . . . 15.80 \/ 26.00<\/p><p>HOT MEXICANA . . . . . . . . . . . . . . . . . . . . . . . . . . . . 16.50 \/ 26.80<\/p><p>CHICKEN HAWAII . . . . . . . . . . . . . . . . . . . . . . . . . . . 15.30 \/ 25.50<\/p><p>CHEVRE KANA . . . . . . . . . . . . . . . . . . . . . . . . . . . . . 16.50 \/ 27.50<\/p><p>VEGETARIANA . . . . . . . . . . . . . . . . . . . . . . . . . . . . . 15.50 \/ 25.50<\/p><p>OPERA SPECIAL . . . . . . . . . . . . . . . . . . . . . . . . . . . . 15.50 \/ 25.50<\/p><p>FRUTTI . . . . . . . . . . . . . . . . . . . . . . . . . . . . .. . . . . . . 15.80 \/ 27.00<\/p><p>AMERICANO . . . . . . . . . . . . . . . . . . . . . . . .. . . . . . . 14.80 \/ 25.50<\/p><p>JULIA . . . . . . . . . . . . . . . . . . . . . . . . . . . . . . . . \u00a0. . . . 15.80 \/ 27.00<\/p><p>ROMEO . . . . . . . . . . . . . . . . . . . . . . . . . . . . . . . . . . 15.80 \/ 27.00<\/p><p>PEPPERONI . . . . . . . . . . . . . . . . . . . . . .. . . . . . . . . . 14.80 \/ 25.00<\/p><p>QUATRO . . . . . . . . . . . . . . . . . . . . . . . . . \u00a0. . . . . . . . 15.80 \/ 27.00<\/p><p>KUNKKU. . . . . . . . . . . . . . . . . . . . . . . . .. . . . . . . . . . 17.50 \/ 29.50<\/p><p><b>FANTASIA\u00a0<\/b><\/p><p>1 T\u00c4YTE . . . . . . . . . . . . . . . . . . . . . . . . . . . . . \u00a0. . . . . 13.50 \/ 22.00<\/p><p>2 T\u00c4YTETT\u00c4 . . . . . . . . . . . . . . . . . . . . . . . .. . . . . . . . 14.50 \/ 24.00<\/p><p>3 T\u00c4YTETT\u00c4 . . . . . . . . . . . . . . . . . . . . . .. . . . . . . . . . 15.50 \/ 26.00<\/p><p>4 T\u00c4YTETT\u00c4 . . . . . . . . . . . . . . . . . . . . . . . . . \u00a0. . . . . . 16.50 \/ 28.00<\/p>\t\t\t\t\t\t<\/div>\n\t\t\t\t<\/div>\n\t\t\t\t\t<\/div>\n\t\t<\/div>\n\t\t\t\t\t\t\t<\/div>\n\t\t<\/section>\n\t\t\t\t\t\t<\/div>\n\t\t\t\t\t<\/div>","protected":false},"excerpt":{"rendered":"<p>&#8211; Menu &#8211; Menustamme l\u00f6ytyy jokaiselle jotakin. Herkulliset salaatit, muhkeat burgerit, tutut pizzat ja kebabit, sek\u00e4 lasten annokset! Burgerit PREMIUM BURGER . . . . . . . . . . . . . . . . . . . . . . . . . . . . . . . . 21.80 ERKAN &hellip;<\/p>\n<p class=\"read-more\"> <a class=\"\" href=\"https:\/\/www.erkanbistro.fi\/en\/menu\/\"> <span class=\"screen-reader-text\">Menu<\/span> Read More &raquo;<\/a><\/p>","protected":false},"author":1,"featured_media":0,"parent":0,"menu_order":0,"comment_status":"closed","ping_status":"closed","template":"","meta":{"spay_email":"","footnotes":""},"class_list":["post-105","page","type-page","status-publish","hentry"],"yoast_head":"<!-- This site is optimized with the Yoast SEO plugin v16.7 - https:\/\/yoast.com\/wordpress\/plugins\/seo\/ -->\n<title>Menu - Erkan Bistro - Tervetuloa herkuttelemaan Erkaniin!<\/title>\n<meta name=\"description\" content=\"Erkan Bistro &amp; Restaurantista l\u00f6yd\u00e4t perinteisten pizzojen ja kebabien lis\u00e4ksi salaatit ja burgerit. Kotkan Keskuskadulla jo vuodesta 1998\" \/>\n<meta name=\"robots\" content=\"index, follow, max-snippet:-1, max-image-preview:large, max-video-preview:-1\" \/>\n<link rel=\"canonical\" href=\"https:\/\/www.erkanbistro.fi\/en\/menu\/\" \/>\n<meta property=\"og:locale\" content=\"en_US\" \/>\n<meta property=\"og:type\" content=\"article\" \/>\n<meta property=\"og:title\" content=\"Menu - Erkan Bistro - Tervetuloa herkuttelemaan Erkaniin!\" \/>\n<meta property=\"og:description\" content=\"Erkan Bistro &amp; Restaurantista l\u00f6yd\u00e4t perinteisten pizzojen ja kebabien lis\u00e4ksi salaatit ja burgerit. Kotkan Keskuskadulla jo vuodesta 1998\" \/>\n<meta property=\"og:url\" content=\"https:\/\/www.erkanbistro.fi\/en\/menu\/\" \/>\n<meta property=\"og:site_name\" content=\"Erkan Bistro\" \/>\n<meta property=\"article:publisher\" content=\"https:\/\/www.facebook.com\/erkanbistro\" \/>\n<meta property=\"article:modified_time\" content=\"2025-11-19T15:29:30+00:00\" \/>\n<meta name=\"twitter:card\" content=\"summary_large_image\" \/>\n<meta name=\"twitter:label1\" content=\"Est. reading time\" \/>\n\t<meta name=\"twitter:data1\" content=\"1 minute\" \/>\n<script type=\"application\/ld+json\" class=\"yoast-schema-graph\">{\"@context\":\"https:\/\/schema.org\",\"@graph\":[{\"@type\":\"Organization\",\"@id\":\"https:\/\/www.erkanbistro.fi\/#organization\",\"name\":\"Erkan Bistro & Restaurant\",\"url\":\"https:\/\/www.erkanbistro.fi\/\",\"sameAs\":[\"https:\/\/www.facebook.com\/erkanbistro\",\"https:\/\/www.instagram.com\/erkanbistro\/\"],\"logo\":{\"@type\":\"ImageObject\",\"@id\":\"https:\/\/www.erkanbistro.fi\/#logo\",\"inLanguage\":\"en-US\",\"url\":\"https:\/\/www.erkanbistro.fi\/wp-content\/uploads\/2021\/03\/cropped-cropped-ErkanLogo2020_MustaWEB.jpg\",\"contentUrl\":\"https:\/\/www.erkanbistro.fi\/wp-content\/uploads\/2021\/03\/cropped-cropped-ErkanLogo2020_MustaWEB.jpg\",\"width\":512,\"height\":512,\"caption\":\"Erkan Bistro & Restaurant\"},\"image\":{\"@id\":\"https:\/\/www.erkanbistro.fi\/#logo\"}},{\"@type\":\"WebSite\",\"@id\":\"https:\/\/www.erkanbistro.fi\/#website\",\"url\":\"https:\/\/www.erkanbistro.fi\/\",\"name\":\"Erkan Bistro & Restaurant\",\"description\":\"ESTD. 1998\",\"publisher\":{\"@id\":\"https:\/\/www.erkanbistro.fi\/#organization\"},\"potentialAction\":[{\"@type\":\"SearchAction\",\"target\":{\"@type\":\"EntryPoint\",\"urlTemplate\":\"https:\/\/www.erkanbistro.fi\/?s={search_term_string}\"},\"query-input\":\"required name=search_term_string\"}],\"inLanguage\":\"en-US\"},{\"@type\":\"WebPage\",\"@id\":\"https:\/\/www.erkanbistro.fi\/menu\/#webpage\",\"url\":\"https:\/\/www.erkanbistro.fi\/menu\/\",\"name\":\"Menu - Erkan Bistro - Tervetuloa herkuttelemaan Erkaniin!\",\"isPartOf\":{\"@id\":\"https:\/\/www.erkanbistro.fi\/#website\"},\"datePublished\":\"2021-03-13T08:03:26+00:00\",\"dateModified\":\"2025-11-19T15:29:30+00:00\",\"description\":\"Erkan Bistro & Restaurantista l\\u00f6yd\\u00e4t perinteisten pizzojen ja kebabien lis\\u00e4ksi salaatit ja burgerit. Kotkan Keskuskadulla jo vuodesta 1998\",\"breadcrumb\":{\"@id\":\"https:\/\/www.erkanbistro.fi\/menu\/#breadcrumb\"},\"inLanguage\":\"en-US\",\"potentialAction\":[{\"@type\":\"ReadAction\",\"target\":[\"https:\/\/www.erkanbistro.fi\/menu\/\"]}]},{\"@type\":\"BreadcrumbList\",\"@id\":\"https:\/\/www.erkanbistro.fi\/menu\/#breadcrumb\",\"itemListElement\":[{\"@type\":\"ListItem\",\"position\":1,\"name\":\"Etusivu\",\"item\":\"https:\/\/www.erkanbistro.fi\/\"},{\"@type\":\"ListItem\",\"position\":2,\"name\":\"Menu\"}]}]}<\/script>\n<!-- \/ Yoast SEO plugin. -->","yoast_head_json":{"title":"Menu - Erkan Bistro - Tervetuloa herkuttelemaan Erkaniin!","description":"Erkan Bistro & Restaurantista l\u00f6yd\u00e4t perinteisten pizzojen ja kebabien lis\u00e4ksi salaatit ja burgerit. Kotkan Keskuskadulla jo vuodesta 1998","robots":{"index":"index","follow":"follow","max-snippet":"max-snippet:-1","max-image-preview":"max-image-preview:large","max-video-preview":"max-video-preview:-1"},"canonical":"https:\/\/www.erkanbistro.fi\/en\/menu\/","og_locale":"en_US","og_type":"article","og_title":"Menu - Erkan Bistro - Tervetuloa herkuttelemaan Erkaniin!","og_description":"Erkan Bistro & Restaurantista l\u00f6yd\u00e4t perinteisten pizzojen ja kebabien lis\u00e4ksi salaatit ja burgerit. Kotkan Keskuskadulla jo vuodesta 1998","og_url":"https:\/\/www.erkanbistro.fi\/en\/menu\/","og_site_name":"Erkan Bistro","article_publisher":"https:\/\/www.facebook.com\/erkanbistro","article_modified_time":"2025-11-19T15:29:30+00:00","twitter_card":"summary_large_image","twitter_misc":{"Est. reading time":"1 minute"},"schema":{"@context":"https:\/\/schema.org","@graph":[{"@type":"Organization","@id":"https:\/\/www.erkanbistro.fi\/#organization","name":"Erkan Bistro & Restaurant","url":"https:\/\/www.erkanbistro.fi\/","sameAs":["https:\/\/www.facebook.com\/erkanbistro","https:\/\/www.instagram.com\/erkanbistro\/"],"logo":{"@type":"ImageObject","@id":"https:\/\/www.erkanbistro.fi\/#logo","inLanguage":"en-US","url":"https:\/\/www.erkanbistro.fi\/wp-content\/uploads\/2021\/03\/cropped-cropped-ErkanLogo2020_MustaWEB.jpg","contentUrl":"https:\/\/www.erkanbistro.fi\/wp-content\/uploads\/2021\/03\/cropped-cropped-ErkanLogo2020_MustaWEB.jpg","width":512,"height":512,"caption":"Erkan Bistro & Restaurant"},"image":{"@id":"https:\/\/www.erkanbistro.fi\/#logo"}},{"@type":"WebSite","@id":"https:\/\/www.erkanbistro.fi\/#website","url":"https:\/\/www.erkanbistro.fi\/","name":"Erkan Bistro & Restaurant","description":"ESTD. 1998","publisher":{"@id":"https:\/\/www.erkanbistro.fi\/#organization"},"potentialAction":[{"@type":"SearchAction","target":{"@type":"EntryPoint","urlTemplate":"https:\/\/www.erkanbistro.fi\/?s={search_term_string}"},"query-input":"required name=search_term_string"}],"inLanguage":"en-US"},{"@type":"WebPage","@id":"https:\/\/www.erkanbistro.fi\/menu\/#webpage","url":"https:\/\/www.erkanbistro.fi\/menu\/","name":"Menu - Erkan Bistro - Tervetuloa herkuttelemaan Erkaniin!","isPartOf":{"@id":"https:\/\/www.erkanbistro.fi\/#website"},"datePublished":"2021-03-13T08:03:26+00:00","dateModified":"2025-11-19T15:29:30+00:00","description":"Erkan Bistro & Restaurantista l\u00f6yd\u00e4t perinteisten pizzojen ja kebabien lis\u00e4ksi salaatit ja burgerit. Kotkan Keskuskadulla jo vuodesta 1998","breadcrumb":{"@id":"https:\/\/www.erkanbistro.fi\/menu\/#breadcrumb"},"inLanguage":"en-US","potentialAction":[{"@type":"ReadAction","target":["https:\/\/www.erkanbistro.fi\/menu\/"]}]},{"@type":"BreadcrumbList","@id":"https:\/\/www.erkanbistro.fi\/menu\/#breadcrumb","itemListElement":[{"@type":"ListItem","position":1,"name":"Etusivu","item":"https:\/\/www.erkanbistro.fi\/"},{"@type":"ListItem","position":2,"name":"Menu"}]}]}},"_links":{"self":[{"href":"https:\/\/www.erkanbistro.fi\/en\/wp-json\/wp\/v2\/pages\/105","targetHints":{"allow":["GET"]}}],"collection":[{"href":"https:\/\/www.erkanbistro.fi\/en\/wp-json\/wp\/v2\/pages"}],"about":[{"href":"https:\/\/www.erkanbistro.fi\/en\/wp-json\/wp\/v2\/types\/page"}],"author":[{"embeddable":true,"href":"https:\/\/www.erkanbistro.fi\/en\/wp-json\/wp\/v2\/users\/1"}],"replies":[{"embeddable":true,"href":"https:\/\/www.erkanbistro.fi\/en\/wp-json\/wp\/v2\/comments?post=105"}],"version-history":[{"count":138,"href":"https:\/\/www.erkanbistro.fi\/en\/wp-json\/wp\/v2\/pages\/105\/revisions"}],"predecessor-version":[{"id":631,"href":"https:\/\/www.erkanbistro.fi\/en\/wp-json\/wp\/v2\/pages\/105\/revisions\/631"}],"wp:attachment":[{"href":"https:\/\/www.erkanbistro.fi\/en\/wp-json\/wp\/v2\/media?parent=105"}],"curies":[{"name":"wp","href":"https:\/\/api.w.org\/{rel}","templated":true}]}}